{"id":27274,"date":"2021-12-30T13:54:52","date_gmt":"2021-12-30T13:54:52","guid":{"rendered":"https:\/\/evotek.md\/?post_type=product&#038;p=27274"},"modified":"2021-12-30T13:55:02","modified_gmt":"2021-12-30T13:55:02","slug":"suport-cutite-pentru-pietre-de-ascutit","status":"publish","type":"product","link":"https:\/\/evotek.md\/ro\/produse\/accesorii-si-inventar-bucatarie\/cutite-bucatarie\/suport-cutite-pentru-pietre-de-ascutit\/","title":{"rendered":"SUPORT DE CU\u021aITE PENTRU PIETRE DE ASCU\u021aIT Sanelli-1907.000"},"content":{"rendered":"<div><strong>SUPORT DE CU\u021aITE PENTRU PIETRE DE ASCU\u021aIT Sanelli-1907.000-<\/strong> Suportul de cu\u021bite pentru pietre de ascu\u021bit este un instrument convenabil pentru a men\u021bine un unghi constant atunci c\u00e2nd ascu\u021bi cu\u021bitele cu pietre de ap\u0103. Potrivit pentru ascu\u021birea aproape tuturor tipurilor de cu\u021bite. Suportul este realizat din plastic special, lejer cu cu\u021bitul \u0219i acoperiri ceramice perfect netede, care alunec\u0103 cu u\u0219urin\u021b\u0103 peste piatra de \u0219lefuit cu ap\u0103 f\u0103r\u0103 a o deteriora.<\/div>\n<div><\/div>\n<div>Parametri: 58x19x16 mm<\/div>\n","protected":false},"excerpt":{"rendered":"<p>Suport de cu\u021bite pentru pietre de ascu\u021bit. Parametri: 58x19x16 mm<\/p>\n","protected":false},"featured_media":27271,"template":"","meta":[],"_links":{"self":[{"href":"https:\/\/evotek.md\/ro\/wp-json\/wp\/v2\/product\/27274"}],"collection":[{"href":"https:\/\/evotek.md\/ro\/wp-json\/wp\/v2\/product"}],"about":[{"href":"https:\/\/evotek.md\/ro\/wp-json\/wp\/v2\/types\/product"}],"wp:featuredmedia":[{"embeddable":true,"href":"https:\/\/evotek.md\/ro\/wp-json\/wp\/v2\/media\/27271"}],"wp:attachment":[{"href":"https:\/\/evotek.md\/ro\/wp-json\/wp\/v2\/media?parent=27274"}],"curies":[{"name":"wp","href":"https:\/\/api.w.org\/{rel}","templated":true}]}}