{"id":27264,"date":"2021-12-30T11:23:13","date_gmt":"2021-12-30T11:25:38","guid":{"rendered":"https:\/\/evotek.md\/?post_type=product&#038;p=27264"},"modified":"2021-12-30T12:11:42","modified_gmt":"2021-12-30T12:11:42","slug":"sort-rosu-125x90-cm-sanelli-1859-125r","status":"publish","type":"product","link":"https:\/\/evotek.md\/ro\/produse\/accesorii-si-inventar-bucatarie\/accesorii-neclasificate\/sort-rosu-125x90-cm-sanelli-1859-125r\/","title":{"rendered":"\u0218OR\u021a RO\u0218U DIN POLIURETAN 125&#215;90 cm Sanelli-1859.125R"},"content":{"rendered":"<div><strong><strong>\u0218OR\u021a RO\u0218U 125&#215;90 cm Sanelli-1859.125R- <\/strong><\/strong>Material: poliuretan. Rezisten\u021b\u0103 excelent\u0103 la gr\u0103sime, s\u00e2nge \u0219i agen\u021bi de cur\u0103\u021bare, rezisten\u021b\u0103 la temperatur\u0103 de la -20 \u00b0C p\u00e2n\u0103 la + 100 \u00b0C.<\/p>\n<div>Suprafa\u021ba este moale, neted\u0103, lucioas\u0103, u\u0219or de cur\u0103\u021bat, reutilizabil\u0103 \u0219i nu se \u00eent\u0103re\u0219te.<\/div>\n<div>Cur\u0103\u021bare: Sp\u0103la\u021bi \u0219i peria\u021bi \u00een ap\u0103 fierbinte (40 \u00b0C) cu s\u0103pun.<\/div>\n<div><\/div>\n<div>Grosime: 300 microni<\/div>\n<div>Dimensiuni: 90 cm x \u00een\u0103l\u021bime 125 (inclusiv g\u00e2t)<\/div>\n<\/div>\n<div><\/div>\n","protected":false},"excerpt":{"rendered":"<p>\u0218or\u021b ro\u0219u din poliuretan. <span style=\"color: #555555\">Grosime: 300 microni; <\/span><span style=\"color: #555555\">Dimensiuni: 90 cm x \u00een\u0103l\u021bime 125 (inclusiv g\u00e2t).<\/span><\/p>\n","protected":false},"featured_media":27263,"template":"","meta":[],"_links":{"self":[{"href":"https:\/\/evotek.md\/ro\/wp-json\/wp\/v2\/product\/27264"}],"collection":[{"href":"https:\/\/evotek.md\/ro\/wp-json\/wp\/v2\/product"}],"about":[{"href":"https:\/\/evotek.md\/ro\/wp-json\/wp\/v2\/types\/product"}],"wp:featuredmedia":[{"embeddable":true,"href":"https:\/\/evotek.md\/ro\/wp-json\/wp\/v2\/media\/27263"}],"wp:attachment":[{"href":"https:\/\/evotek.md\/ro\/wp-json\/wp\/v2\/media?parent=27264"}],"curies":[{"name":"wp","href":"https:\/\/api.w.org\/{rel}","templated":true}]}}