{"id":27259,"date":"2021-12-30T11:06:05","date_gmt":"2021-12-30T11:12:01","guid":{"rendered":"https:\/\/evotek.md\/?post_type=product&#038;p=27259"},"modified":"2023-12-06T09:58:07","modified_gmt":"2023-12-06T09:58:07","slug":"fierastrau-manual-pentru-oase-din-otel-inoxidabil-45-%d1%81%d0%bc-sanelli-1301-045","status":"publish","type":"product","link":"https:\/\/evotek.md\/ro\/produse\/accesorii-si-inventar-bucatarie\/cutite-bucatarie\/fierastrau-manual-pentru-oase-din-otel-inoxidabil-45-%d1%81%d0%bc-sanelli-1301-045\/","title":{"rendered":"FIERASTRAU MANUAL PENTRU OASE DIN OTEL INOXIDABIL 45 \u0441\u043c Sanelli-1301.045 \/ A1301045"},"content":{"rendered":"<p><strong>FIERASTRAU MANUAL PENTRU OASE DIN OTEL INOXIDABIL 45 \u0441\u043c Sanelli-1301.045- <\/strong>Fier\u0103str\u0103u manual pentru oase din o\u021bel inoxidabil 45 cm. Este un fier\u0103str\u0103u solid, rezistent, cu fixare rapid\u0103. Lama de t\u0103iere are zim\u021bi speciali pentru t\u0103iat carne cu sau f\u0103ra os, av\u00e2nd la capete bolturi de fixare.<\/p>\n","protected":false},"excerpt":{"rendered":"<p>Fier\u0103str\u0103u manual pentru oase din o\u021bel inoxidabil 45 cm.<\/p>\n","protected":false},"featured_media":27258,"template":"","meta":[],"_links":{"self":[{"href":"https:\/\/evotek.md\/ro\/wp-json\/wp\/v2\/product\/27259"}],"collection":[{"href":"https:\/\/evotek.md\/ro\/wp-json\/wp\/v2\/product"}],"about":[{"href":"https:\/\/evotek.md\/ro\/wp-json\/wp\/v2\/types\/product"}],"wp:featuredmedia":[{"embeddable":true,"href":"https:\/\/evotek.md\/ro\/wp-json\/wp\/v2\/media\/27258"}],"wp:attachment":[{"href":"https:\/\/evotek.md\/ro\/wp-json\/wp\/v2\/media?parent=27259"}],"curies":[{"name":"wp","href":"https:\/\/api.w.org\/{rel}","templated":true}]}}