{"id":27251,"date":"2021-12-30T10:54:24","date_gmt":"2021-12-30T10:55:20","guid":{"rendered":"https:\/\/evotek.md\/?post_type=product&#038;p=27251"},"modified":"2021-12-30T10:55:20","modified_gmt":"2021-12-30T10:55:20","slug":"manusi-pentru-produse-alimentare-marimea-l-sanelli-1834-004","status":"publish","type":"product","link":"https:\/\/evotek.md\/ro\/produse\/accesorii-si-inventar-bucatarie\/accesorii-pentru-bar\/manusi-pentru-produse-alimentare-marimea-l-sanelli-1834-004\/","title":{"rendered":"M\u0102NU\u0218I PENTRU PRODUSE ALIMENTARE M\u0103rimea L Sanelli-1834.004"},"content":{"rendered":"<div><strong>M\u0102NU\u0218I PENTRU PRODUSE ALIMENTARE M\u0103rimea L Sanelli-1834.004-<\/strong>\u00a0M\u0103nu\u0219ile destinate industriei alimentare, ofer\u0103 o bun\u0103 protec\u021bie \u00eempotriva murd\u0103riei, gr\u0103similor \u0219i zg\u00e2rieturilor. M\u0103nu\u0219ile respect\u0103 cerin\u021bele regulamentului Parlamentului European \u0219i Consiliului privind materialele \u0219i obiectele destinate contactului cu alimentele.<\/div>\n<div><\/div>\n<div>Marimea L<\/div>\n","protected":false},"excerpt":{"rendered":"<div class=\"product-short-description\">\n<p>M\u0103nu\u0219i pentru produse alimentare. M\u0103rimea L<\/p>\n<\/div>\n","protected":false},"featured_media":27247,"template":"","meta":[],"_links":{"self":[{"href":"https:\/\/evotek.md\/ro\/wp-json\/wp\/v2\/product\/27251"}],"collection":[{"href":"https:\/\/evotek.md\/ro\/wp-json\/wp\/v2\/product"}],"about":[{"href":"https:\/\/evotek.md\/ro\/wp-json\/wp\/v2\/types\/product"}],"wp:featuredmedia":[{"embeddable":true,"href":"https:\/\/evotek.md\/ro\/wp-json\/wp\/v2\/media\/27247"}],"wp:attachment":[{"href":"https:\/\/evotek.md\/ro\/wp-json\/wp\/v2\/media?parent=27251"}],"curies":[{"name":"wp","href":"https:\/\/api.w.org\/{rel}","templated":true}]}}