{"id":27248,"date":"2021-12-30T10:44:23","date_gmt":"2021-12-30T10:48:04","guid":{"rendered":"https:\/\/evotek.md\/?post_type=product&#038;p=27248"},"modified":"2021-12-30T10:49:08","modified_gmt":"2021-12-30T10:49:08","slug":"manusi-pentru-produse-alimentare-marimea-m-sanelli-1834-003","status":"publish","type":"product","link":"https:\/\/evotek.md\/ro\/produse\/accesorii-si-inventar-bucatarie\/accesorii-pentru-bar\/manusi-pentru-produse-alimentare-marimea-m-sanelli-1834-003\/","title":{"rendered":"M\u0102NU\u0218I PENTRU PRODUSE ALIMENTARE M\u0103rimea M Sanelli-1834.003"},"content":{"rendered":"<div><strong>M\u0102NU\u0218I PENTRU PRODUSE ALIMENTARE M\u0103rimea M Sanelli-1834.003-<\/strong> M\u0103nu\u0219ile destinate industriei alimentare, ofer\u0103 o bun\u0103 protec\u021bie \u00eempotriva murd\u0103riei, gr\u0103similor \u0219i zg\u00e2rieturilor. M\u0103nu\u0219ile respect\u0103 cerin\u021bele regulamentului Parlamentului European \u0219i Consiliului privind materialele \u0219i obiectele destinate contactului cu alimentele.<\/div>\n<div><\/div>\n<div>Marimea M<\/div>\n","protected":false},"excerpt":{"rendered":"<p>M\u0103nu\u0219i pentru produse alimentare. M\u0103rimea M<\/p>\n","protected":false},"featured_media":42243,"template":"","meta":[],"_links":{"self":[{"href":"https:\/\/evotek.md\/ro\/wp-json\/wp\/v2\/product\/27248"}],"collection":[{"href":"https:\/\/evotek.md\/ro\/wp-json\/wp\/v2\/product"}],"about":[{"href":"https:\/\/evotek.md\/ro\/wp-json\/wp\/v2\/types\/product"}],"wp:featuredmedia":[{"embeddable":true,"href":"https:\/\/evotek.md\/ro\/wp-json\/wp\/v2\/media\/42243"}],"wp:attachment":[{"href":"https:\/\/evotek.md\/ro\/wp-json\/wp\/v2\/media?parent=27248"}],"curies":[{"name":"wp","href":"https:\/\/api.w.org\/{rel}","templated":true}]}}