{"id":27238,"date":"2021-12-22T14:33:46","date_gmt":"2021-12-22T14:33:46","guid":{"rendered":"https:\/\/evotek.md\/?post_type=product&#038;p=27238"},"modified":"2021-12-22T14:33:46","modified_gmt":"2021-12-22T14:33:46","slug":"1833-004","status":"publish","type":"product","link":"https:\/\/evotek.md\/ro\/produse\/accesorii-si-inventar-bucatarie\/accesorii-pentru-bar\/1833-004\/","title":{"rendered":"M\u0102NU\u0218I PENTRU PROTEC\u021aIE DE TEMPERATURI JOASE -M\u0102RIME L -Sanelli-1833.004"},"content":{"rendered":"<p><strong>M\u0102NU\u0218I PENTRU PROTEC\u021aIE DE TEMPERATURI JOASE -M\u0102RIME L -Sanelli-1833.004-<\/strong> M\u0103nu\u0219i cu con\u021binut ridicat de fibre termice (minim 50%), special concepute pentru lucru la rece. Sunt potrivite pentru lucru cu obiectele reci, cum ar fi alimentele congelate. Acest standard stabile\u0219te cerin\u021bele generale pentru m\u0103nu\u0219ile de construc\u021bie ergonomice cu privire la siguran\u021b\u0103, cur\u0103\u021benie, confort \u0219i performan\u021b\u0103.<\/p>\n<p>Caracteristici<br \/>\nMaterial: fibr\u0103 termic\u0103<br \/>\nM\u0103rime: L<\/p>\n","protected":false},"excerpt":{"rendered":"<div class=\"product-short-description\">\n<p>M\u0103nu\u0219i pentru protec\u021bie de temperaturi joase. M\u0103rimea L; Material: fibr\u0103 termic\u0103.<\/p>\n<\/div>\n","protected":false},"featured_media":27234,"template":"","meta":[],"_links":{"self":[{"href":"https:\/\/evotek.md\/ro\/wp-json\/wp\/v2\/product\/27238"}],"collection":[{"href":"https:\/\/evotek.md\/ro\/wp-json\/wp\/v2\/product"}],"about":[{"href":"https:\/\/evotek.md\/ro\/wp-json\/wp\/v2\/types\/product"}],"wp:featuredmedia":[{"embeddable":true,"href":"https:\/\/evotek.md\/ro\/wp-json\/wp\/v2\/media\/27234"}],"wp:attachment":[{"href":"https:\/\/evotek.md\/ro\/wp-json\/wp\/v2\/media?parent=27238"}],"curies":[{"name":"wp","href":"https:\/\/api.w.org\/{rel}","templated":true}]}}