{"id":27235,"date":"2021-12-22T14:04:46","date_gmt":"2021-12-22T14:13:16","guid":{"rendered":"https:\/\/evotek.md\/?post_type=product&#038;p=27235"},"modified":"2025-03-18T08:37:30","modified_gmt":"2025-03-18T08:37:30","slug":"manusi-pentru-protectie-de-temperaturi-joase-marime-m-sanelli-1833-003","status":"publish","type":"product","link":"https:\/\/evotek.md\/ro\/produse\/accesorii-si-inventar-bucatarie\/accesorii-pentru-bar\/manusi-pentru-protectie-de-temperaturi-joase-marime-m-sanelli-1833-003\/","title":{"rendered":"MANUSI DE PROTECTIE LA TEMPERATURI SCAZUTE, MARIMEA M -SANELLI-1833.003"},"content":{"rendered":"<p><strong>MANUSI DE PROTECTIE LA TEMPERATURI SCAZUTE, MARIMEA M -SANELLI-1833.003-<\/strong> M\u0103nu\u0219i cu con\u021binut ridicat de fibre termice (minim 50%), special concepute pentru lucru la rece. Sunt potrivite pentru lucru cu obiectele reci, cum ar fi alimentele congelate.<\/p>\n<p>Caracteristici<br \/>\nMaterial: fibr\u0103 termic\u0103<br \/>\nM\u0103rime: M<\/p>\n","protected":false},"excerpt":{"rendered":"<p>M\u0103nu\u0219i de protec\u021bie la temperaturi sc\u0103zute. M\u0103rimea M; Material: fibr\u0103 termic\u0103.<\/p>\n","protected":false},"featured_media":42241,"template":"","meta":[],"_links":{"self":[{"href":"https:\/\/evotek.md\/ro\/wp-json\/wp\/v2\/product\/27235"}],"collection":[{"href":"https:\/\/evotek.md\/ro\/wp-json\/wp\/v2\/product"}],"about":[{"href":"https:\/\/evotek.md\/ro\/wp-json\/wp\/v2\/types\/product"}],"wp:featuredmedia":[{"embeddable":true,"href":"https:\/\/evotek.md\/ro\/wp-json\/wp\/v2\/media\/42241"}],"wp:attachment":[{"href":"https:\/\/evotek.md\/ro\/wp-json\/wp\/v2\/media?parent=27235"}],"curies":[{"name":"wp","href":"https:\/\/api.w.org\/{rel}","templated":true}]}}