{"id":27212,"date":"2021-12-22T11:19:07","date_gmt":"2021-12-22T11:25:04","guid":{"rendered":"https:\/\/evotek.md\/?post_type=product&#038;p=27212"},"modified":"2023-12-05T15:55:09","modified_gmt":"2023-12-05T15:55:09","slug":"s350-020","status":"publish","type":"product","link":"https:\/\/evotek.md\/ro\/produse\/accesorii-si-inventar-bucatarie\/cutite-bucatarie\/s350-020\/","title":{"rendered":"CU\u021aIT \u201cSANTOKU\u201d 20 cm Sanelli-S350.020 \/ SC50020B"},"content":{"rendered":"<p><strong>CU\u021aIT \u201cSANTOKU\u201d 20 cm Sanelli-S350.020-<\/strong>Cu\u021bitele Supra sunt special concepute pentru uz profesional: lamele de \u00eenalt\u0103 calitate sunt fabricate din o\u021bel inoxidabil special cu azot ad\u0103ugat \u0219i apoi combinate cu m\u00e2nere ergonomice SEBS. Toate materialele sunt supuse sterilizare, sunt foarte rezistente la \u0219ocuri, agen\u021bi corozivi \u0219i temperaturi ridicate \u0219i respect\u0103 reglement\u0103rile UE de igien\u0103 alimentar\u0103. O gam\u0103 larg\u0103 de produse, precum \u0219i utilizarea \u00een siguran\u021b\u0103, formele func\u021bionale \u0219i designul exclusiv, fac din cu\u021bitele Supra instrumente esen\u021biale pentru munca buc\u0103tarilor, m\u0103celarilor \u0219i a tuturor celorlal\u021bi utilizatori profesioni\u0219ti.<\/p>\n<p>Caracteristici<br \/>\nLungime: 20 cm<br \/>\nMaterial: inox<br \/>\nCuloare: negru<\/p>\n<p>&nbsp;<\/p>\n","protected":false},"excerpt":{"rendered":"<p>Cu\u021bit \u201dSantoku\u201d. Lungime: 20 cm; Material: inox; Culoare: negru.<\/p>\n","protected":false},"featured_media":27211,"template":"","meta":[],"_links":{"self":[{"href":"https:\/\/evotek.md\/ro\/wp-json\/wp\/v2\/product\/27212"}],"collection":[{"href":"https:\/\/evotek.md\/ro\/wp-json\/wp\/v2\/product"}],"about":[{"href":"https:\/\/evotek.md\/ro\/wp-json\/wp\/v2\/types\/product"}],"wp:featuredmedia":[{"embeddable":true,"href":"https:\/\/evotek.md\/ro\/wp-json\/wp\/v2\/media\/27211"}],"wp:attachment":[{"href":"https:\/\/evotek.md\/ro\/wp-json\/wp\/v2\/media?parent=27212"}],"curies":[{"name":"wp","href":"https:\/\/api.w.org\/{rel}","templated":true}]}}