{"id":27186,"date":"2021-12-20T15:37:19","date_gmt":"2021-12-20T15:37:19","guid":{"rendered":"https:\/\/evotek.md\/?post_type=product&#038;p=27186"},"modified":"2022-01-05T12:58:25","modified_gmt":"2022-01-05T12:58:25","slug":"despicator-20-cm-sanelli-s334-020r","status":"publish","type":"product","link":"https:\/\/evotek.md\/ro\/produse\/accesorii-si-inventar-bucatarie\/cutite-bucatarie\/despicator-20-cm-sanelli-s334-020r\/","title":{"rendered":"DESPIC\u0102TOR 20 cm Sanelli-S334.020R"},"content":{"rendered":"<p><strong>DESPIC\u0102TOR 20 cm Sanelli-S334.020R\u2013<\/strong> Conceput\u0103 special pentru profesioni\u0219ti, linia Supra Colore ajut\u0103 la reducerea riscului de contaminare prin utilizarea unui sistem de codificare a culorilor care atribuie o sarcin\u0103 specific\u0103 fiec\u0103rui cu\u021bit, astfel \u00eenc\u00e2t s\u0103 poat\u0103 fi identificate cu u\u0219urin\u021b\u0103 diferite zone ale proces\u0103rii alimentelor. Implementarea acestui sistem v\u0103 ofer\u0103 o cre\u0219tere semnificativ\u0103 a siguran\u021bei alimentelor \u00een acela\u0219i timp, este un r\u0103spuns simplu la reglement\u0103rile HACCP privind igiena alimentelor, pentru o protec\u021bie \u0219i mai mare a consumatorilor.<\/p>\n<p>Caracteristici<br \/>\nLungime: 20 cm<br \/>\nGreutate: 1,100 Kg<br \/>\nMaterial: inox<br \/>\nCuloare: ro\u0219u<\/p>\n","protected":false},"excerpt":{"rendered":"<p>Despic\u0103tor. Lungime: 20 cm; Greutate: 1,100 Kg; Material: inox; Culoare: ro\u0219u.<\/p>\n","protected":false},"featured_media":27185,"template":"","meta":[],"_links":{"self":[{"href":"https:\/\/evotek.md\/ro\/wp-json\/wp\/v2\/product\/27186"}],"collection":[{"href":"https:\/\/evotek.md\/ro\/wp-json\/wp\/v2\/product"}],"about":[{"href":"https:\/\/evotek.md\/ro\/wp-json\/wp\/v2\/types\/product"}],"wp:featuredmedia":[{"embeddable":true,"href":"https:\/\/evotek.md\/ro\/wp-json\/wp\/v2\/media\/27185"}],"wp:attachment":[{"href":"https:\/\/evotek.md\/ro\/wp-json\/wp\/v2\/media?parent=27186"}],"curies":[{"name":"wp","href":"https:\/\/api.w.org\/{rel}","templated":true}]}}