{"id":2717,"date":"2020-02-21T13:07:52","date_gmt":"2020-02-21T13:11:33","guid":{"rendered":"https:\/\/evotek.md\/?post_type=product&#038;p=2717"},"modified":"2023-04-21T12:33:52","modified_gmt":"2023-04-21T12:33:52","slug":"cuptor-cu-convectie-mec-pe-43ue-1b","status":"publish","type":"product","link":"https:\/\/evotek.md\/ro\/produse\/echipamente-termice\/cuptoare-cu-convectie-cuptoare\/cuptor-cu-convectie-mec-pe-43ue-1b\/","title":{"rendered":"CUPTOR CU CONVEC\u021aIE, 4 NIVELE -Mec PE43UE.1B"},"content":{"rendered":"<p><strong>CUPTOR CU CONVEC\u021aIE, 4 NIVELE <\/strong> <strong>-Mec PE43UE.1B- <\/strong>Cuptorul cu convec\u021bie este un model de mas\u0103 cu conexiune electric\u0103. Folosit \u00een cafenele, bistrouri, restaurante mici,\u00a0pentru a coace o varietate de feluri de m\u00e2ncare. Pentru umiditatea suprafe\u021bei de coacere este prev\u0103zut un sistem de pulverizare a apei \u00een camer\u0103, care intr\u0103 \u00een elementele de \u00eenc\u0103lzire \u0219i este transformat\u0103 \u00een abur. Cuptorul este echipat cu o u\u0219\u0103 cu sticl\u0103 cu balamale. Corpul \u0219i camera sunt realizate din inox.<\/p>\n<p><strong>*Pentru a beneficia de garan\u021bie este obligatoriu de a fi instalat filtru DVA pentru acest echipament.<\/strong><\/p>\n<p>Caracteristici<\/p>\n<p>Produc\u0103tor: MEC<\/p>\n<p>Parametri: 560x595x580 mm<\/p>\n<p>Temperaturi de lucru: 30 +285 \u00b0 C<\/p>\n<p>Asamblarea u\u0219ii: din sticl\u0103 cu balansare<\/p>\n<p>Num\u0103r de niveluri: 4<\/p>\n<p>Metoda de instalare: de mas\u0103<\/p>\n<p>Tip conexiune: Electric<\/p>\n<p>Tip de umidificare: Injector<\/p>\n<p>Tensiune: 220 V<\/p>\n<p>Putere: 3,2 kW<\/p>\n<p>Management: electromecanic<\/p>\n<p>Distan\u021ba dintre niveluri: 75 mm<\/p>\n<p>Tipul copturilor \/ recipientelor gastronome: 450\u0445340<\/p>\n<p>Greutate: 36 kg<\/p>\n<p>\u021aar\u0103: Italia<\/p>\n<p>&nbsp;<\/p>\n","protected":false},"excerpt":{"rendered":"<p>Cuptor cu convec\u021bie, cu 4 nivele. Parametri: 560x595x580 mm; Temperaturi de lucru: 30 +285 \u00b0 C; Asamblarea u\u0219ii: din sticl\u0103 cu balansare; Num\u0103r de niveluri: 4; Metoda de instalare: de mas\u0103; Tip conexiune: Electric; Tip de umidificare: Injector; Tensiune: 220 V; Putere: 3,2 kW; Management: electromecanic; Distan\u021ba dintre niveluri: 75 mm; Tipul copturilor \/ recipientelor gastronome: 450\u0445340; Greutate: 36 kg; \u021aar\u0103: Italia.<\/p>\n<p><strong>*T\u0103vile GN \u0219i t\u0103vile pentru patiserie nu sunt incluse \u00een set.<\/strong><br \/>\n<strong>*Recomand\u0103m instalarea adi\u021bional\u0103 a unui filtru DVA pentru o bun\u0103 func\u021bionare a cuptorului.<\/strong><\/p>\n","protected":false},"featured_media":20527,"template":"","meta":[],"_links":{"self":[{"href":"https:\/\/evotek.md\/ro\/wp-json\/wp\/v2\/product\/2717"}],"collection":[{"href":"https:\/\/evotek.md\/ro\/wp-json\/wp\/v2\/product"}],"about":[{"href":"https:\/\/evotek.md\/ro\/wp-json\/wp\/v2\/types\/product"}],"wp:featuredmedia":[{"embeddable":true,"href":"https:\/\/evotek.md\/ro\/wp-json\/wp\/v2\/media\/20527"}],"wp:attachment":[{"href":"https:\/\/evotek.md\/ro\/wp-json\/wp\/v2\/media?parent=2717"}],"curies":[{"name":"wp","href":"https:\/\/api.w.org\/{rel}","templated":true}]}}