{"id":27133,"date":"2021-12-20T10:28:23","date_gmt":"2021-12-20T10:30:00","guid":{"rendered":"https:\/\/evotek.md\/?post_type=product&#038;p=27133"},"modified":"2023-12-05T14:51:57","modified_gmt":"2023-12-05T14:51:57","slug":"cutit-deschizator-de-stridii-7-cm-sanelli-5487-000","status":"publish","type":"product","link":"https:\/\/evotek.md\/ro\/produse\/accesorii-si-inventar-bucatarie\/cutite-bucatarie\/cutit-deschizator-de-stridii-7-cm-sanelli-5487-000\/","title":{"rendered":"CU\u021aIT-DESCHIZ\u0102TOR DE STRIDII 7 cm -Sanelli-5487.000 \/ A5487000"},"content":{"rendered":"<p><strong>CU\u021aIT-DESCHIZ\u0102TOR DE STRIDII 7 cm -Sanelli-5487.000-<\/strong>\u00a0Coaja poate fi deschis\u0103 rapid doar cu acest cu\u021bit special. O lam\u0103 scurt\u0103 \u0219i fiabil\u0103 v\u0103 va ajuta s\u0103 deschide\u021bi coaja de stridie atent, \u00eenc\u00e2t carnea s\u0103 r\u0103m\u00e2n\u0103 intact\u0103.<\/p>\n<p>&nbsp;<\/p>\n","protected":false},"excerpt":{"rendered":"<div class=\"product-short-description\">\n<p>Cu\u021bit-deschiz\u0103tor de stridii la 7 cm.<\/p>\n<\/div>\n","protected":false},"featured_media":27132,"template":"","meta":[],"_links":{"self":[{"href":"https:\/\/evotek.md\/ro\/wp-json\/wp\/v2\/product\/27133"}],"collection":[{"href":"https:\/\/evotek.md\/ro\/wp-json\/wp\/v2\/product"}],"about":[{"href":"https:\/\/evotek.md\/ro\/wp-json\/wp\/v2\/types\/product"}],"wp:featuredmedia":[{"embeddable":true,"href":"https:\/\/evotek.md\/ro\/wp-json\/wp\/v2\/media\/27132"}],"wp:attachment":[{"href":"https:\/\/evotek.md\/ro\/wp-json\/wp\/v2\/media?parent=27133"}],"curies":[{"name":"wp","href":"https:\/\/api.w.org\/{rel}","templated":true}]}}