{"id":27117,"date":"2021-12-17T15:23:34","date_gmt":"2021-12-17T15:25:29","guid":{"rendered":"https:\/\/evotek.md\/?post_type=product&#038;p=27117"},"modified":"2022-01-10T15:12:45","modified_gmt":"2022-01-10T15:12:45","slug":"ascutitor-pentru-cutite-27-cm-sanelli-1982-000","status":"publish","type":"product","link":"https:\/\/evotek.md\/ro\/produse\/accesorii-si-inventar-bucatarie\/cutite-bucatarie\/ascutitor-pentru-cutite-27-cm-sanelli-1982-000\/","title":{"rendered":"ASCUTITOR PENTRU CUTITE 27 cm Sanelli-1982.000"},"content":{"rendered":"<p><strong>ASCUTITOR PENTRU CUTITE 27 cm Sanelli-1982.000- <\/strong>Avantaje ascu\u021bitoarelor Sharp\u2019s Easy Knife:<br \/>\n-Durat\u0103 lung\u0103 de utilizare a barelor de ascu\u021bit, din o\u021bel \u0219i crom.<br \/>\n-Ghidajul din o\u021bel v\u0103 permite s\u0103 men\u021bine\u021bi un unghi stabil de ascu\u021bire.<br \/>\n-Partea superioar\u0103 a \u0219inei este \u00eent\u0103rit\u0103 cu o\u021bel inoxidabil pentru a evita t\u0103ierea bazei din plastic.<br \/>\n-Usor de intretinut.<br \/>\n-Igienic: poate fi \u00eendep\u0103rtat cu u\u0219urin\u021b\u0103 de pe suportul metalic pentru sp\u0103lare \u0219i sterilizare,<br \/>\n-Include un dispozitiv de fixare pe mas\u0103 \u0219i ap\u0103r\u0103tor de m\u00e2n\u0103 integrat pentru utilizare f\u0103r\u0103 fixare.<\/p>\n","protected":false},"excerpt":{"rendered":"<p>Ascu\u021bitor pentru cu\u021bite 27 cm.<\/p>\n","protected":false},"featured_media":27116,"template":"","meta":[],"_links":{"self":[{"href":"https:\/\/evotek.md\/ro\/wp-json\/wp\/v2\/product\/27117"}],"collection":[{"href":"https:\/\/evotek.md\/ro\/wp-json\/wp\/v2\/product"}],"about":[{"href":"https:\/\/evotek.md\/ro\/wp-json\/wp\/v2\/types\/product"}],"wp:featuredmedia":[{"embeddable":true,"href":"https:\/\/evotek.md\/ro\/wp-json\/wp\/v2\/media\/27116"}],"wp:attachment":[{"href":"https:\/\/evotek.md\/ro\/wp-json\/wp\/v2\/media?parent=27117"}],"curies":[{"name":"wp","href":"https:\/\/api.w.org\/{rel}","templated":true}]}}