{"id":27107,"date":"2021-12-17T14:50:54","date_gmt":"2021-12-17T14:52:50","guid":{"rendered":"https:\/\/evotek.md\/?post_type=product&#038;p=27107"},"modified":"2021-12-17T14:52:50","modified_gmt":"2021-12-17T14:52:50","slug":"deschizator-de-sticle-sanelli-5483-000","status":"publish","type":"product","link":"https:\/\/evotek.md\/ro\/produse\/accesorii-si-inventar-bucatarie\/accesorii-pentru-bar\/deschizator-de-sticle-sanelli-5483-000\/","title":{"rendered":"DESCHIZ\u0102TOR DE STICLE Sanelli-5483.000"},"content":{"rendered":"<p><strong>DESCHIZ\u0102TOR DE STICLE Sanelli-5483.000-<\/strong> un accesoriu de buc\u0103t\u0103rie util, pentru a \u00eendep\u0103rta \u00een mod convenabil capacele metalice de la sticle. Din inox.<\/p>\n<p>Deschiz\u0103tor de sticle, din inox.<\/p>\n","protected":false},"excerpt":{"rendered":"<p>Deschiz\u0103tor de sticle, din inox.<\/p>\n","protected":false},"featured_media":27106,"template":"","meta":[],"_links":{"self":[{"href":"https:\/\/evotek.md\/ro\/wp-json\/wp\/v2\/product\/27107"}],"collection":[{"href":"https:\/\/evotek.md\/ro\/wp-json\/wp\/v2\/product"}],"about":[{"href":"https:\/\/evotek.md\/ro\/wp-json\/wp\/v2\/types\/product"}],"wp:featuredmedia":[{"embeddable":true,"href":"https:\/\/evotek.md\/ro\/wp-json\/wp\/v2\/media\/27106"}],"wp:attachment":[{"href":"https:\/\/evotek.md\/ro\/wp-json\/wp\/v2\/media?parent=27107"}],"curies":[{"name":"wp","href":"https:\/\/api.w.org\/{rel}","templated":true}]}}