{"id":27102,"date":"2021-12-17T14:36:17","date_gmt":"2021-12-17T14:40:08","guid":{"rendered":"https:\/\/evotek.md\/?post_type=product&#038;p=27102"},"modified":"2023-12-05T15:16:37","modified_gmt":"2023-12-05T15:16:37","slug":"penseta-pentru-bucatar-cu-varfuri-indoite-30-cm-sanelli-1150-030","status":"publish","type":"product","link":"https:\/\/evotek.md\/ro\/produse\/accesorii-si-inventar-bucatarie\/accesorii-pentru-bar\/penseta-pentru-bucatar-cu-varfuri-indoite-30-cm-sanelli-1150-030\/","title":{"rendered":"PENSET\u0102 PENTRU BUC\u0102TAR CU V\u00c2RFURI \u00ceNDOITE 30 cm -Sanelli-1152.030 \/ A1152030"},"content":{"rendered":"<p><strong>PENSET\u0102 PENTRU BUC\u0102TAR CU V\u00c2RFURI \u00ceNDOITE 30 cm -Sanelli-1152.030-<\/strong>\u00a0Penseta pentru buc\u0103tar din o\u021bel inoxidabil, se folose\u0219te pentru \u00eendep\u0103rtarea oaselor din pe\u0219te \u0219i decorarea bucatelor.<\/p>\n<p>Caracteristici<br \/>\nDimensiune: 30 cm<br \/>\nMaterial: otel inoxidabil<\/p>\n","protected":false},"excerpt":{"rendered":"<p>Penset\u0103 cu v\u00e2rfuri \u00eendoite, pentru buc\u0103tar, din o\u021bel inoxidabil, 30 cm.<\/p>\n","protected":false},"featured_media":27101,"template":"","meta":[],"_links":{"self":[{"href":"https:\/\/evotek.md\/ro\/wp-json\/wp\/v2\/product\/27102"}],"collection":[{"href":"https:\/\/evotek.md\/ro\/wp-json\/wp\/v2\/product"}],"about":[{"href":"https:\/\/evotek.md\/ro\/wp-json\/wp\/v2\/types\/product"}],"wp:featuredmedia":[{"embeddable":true,"href":"https:\/\/evotek.md\/ro\/wp-json\/wp\/v2\/media\/27101"}],"wp:attachment":[{"href":"https:\/\/evotek.md\/ro\/wp-json\/wp\/v2\/media?parent=27102"}],"curies":[{"name":"wp","href":"https:\/\/api.w.org\/{rel}","templated":true}]}}