{"id":27098,"date":"2021-12-17T14:22:42","date_gmt":"2021-12-17T14:24:09","guid":{"rendered":"https:\/\/evotek.md\/?post_type=product&#038;p=27098"},"modified":"2022-02-10T14:28:58","modified_gmt":"2022-02-10T14:28:58","slug":"penseta-pentru-bucatar-30-cm-sanelli-1150-030","status":"publish","type":"product","link":"https:\/\/evotek.md\/ro\/produse\/accesorii-si-inventar-bucatarie\/accesorii-pentru-bar\/penseta-pentru-bucatar-30-cm-sanelli-1150-030\/","title":{"rendered":"PENSET\u0102 PENTRU BUC\u0102TAR 30 cm -Sanelli-1150.030"},"content":{"rendered":"<p><strong>PENSET\u0102 PENTRU BUC\u0102TAR 30 cm -Sanelli-1150.030-<\/strong> Penseta pentru buc\u0103tar din o\u021bel inoxidabil, se folose\u0219te pentru \u00eendep\u0103rtarea oaselor din pe\u0219te \u0219i decorarea bucatelor.<\/p>\n<p>Caracteristici<br \/>\nDimensiune: 30 cm<br \/>\nMaterial: otel inoxidabil<\/p>\n","protected":false},"excerpt":{"rendered":"<div class=\"product-short-description\">\n<p>Penset\u0103 pentru buc\u0103tar din o\u021bel inoxidabil, 30 cm.<\/p>\n<\/div>\n","protected":false},"featured_media":27089,"template":"","meta":[],"_links":{"self":[{"href":"https:\/\/evotek.md\/ro\/wp-json\/wp\/v2\/product\/27098"}],"collection":[{"href":"https:\/\/evotek.md\/ro\/wp-json\/wp\/v2\/product"}],"about":[{"href":"https:\/\/evotek.md\/ro\/wp-json\/wp\/v2\/types\/product"}],"wp:featuredmedia":[{"embeddable":true,"href":"https:\/\/evotek.md\/ro\/wp-json\/wp\/v2\/media\/27089"}],"wp:attachment":[{"href":"https:\/\/evotek.md\/ro\/wp-json\/wp\/v2\/media?parent=27098"}],"curies":[{"name":"wp","href":"https:\/\/api.w.org\/{rel}","templated":true}]}}