{"id":27095,"date":"2021-12-17T13:57:59","date_gmt":"2021-12-17T13:57:59","guid":{"rendered":"https:\/\/evotek.md\/?post_type=product&#038;p=27095"},"modified":"2021-12-17T14:08:05","modified_gmt":"2021-12-17T14:08:05","slug":"penseta-pentru-bucatar-15-cm-sanelli-1150-015","status":"publish","type":"product","link":"https:\/\/evotek.md\/ro\/produse\/accesorii-si-inventar-bucatarie\/accesorii-pentru-bar\/penseta-pentru-bucatar-15-cm-sanelli-1150-015\/","title":{"rendered":"PENSET\u0102 PENTRU BUC\u0102TAR 15 cm -Sanelli-1150.015"},"content":{"rendered":"<p><strong>PENSET\u0102 PENTRU BUC\u0102TAR 15 cm -Sanelli-1150.015-<\/strong> Penseta pentru buc\u0103tar din o\u021bel inoxidabil, se folose\u0219te pentru \u00eendep\u0103rtarea oaselor din pe\u0219te \u0219i decorarea bucatelor.<\/p>\n<p>Caracteristici<br \/>\nDimensiune: 15 cm<br \/>\nMaterial: otel inoxidabil<\/p>\n","protected":false},"excerpt":{"rendered":"<p>Penset\u0103 pentru buc\u0103tar din o\u021bel inoxidabil, 15 cm.<\/p>\n","protected":false},"featured_media":27089,"template":"","meta":[],"_links":{"self":[{"href":"https:\/\/evotek.md\/ro\/wp-json\/wp\/v2\/product\/27095"}],"collection":[{"href":"https:\/\/evotek.md\/ro\/wp-json\/wp\/v2\/product"}],"about":[{"href":"https:\/\/evotek.md\/ro\/wp-json\/wp\/v2\/types\/product"}],"wp:featuredmedia":[{"embeddable":true,"href":"https:\/\/evotek.md\/ro\/wp-json\/wp\/v2\/media\/27089"}],"wp:attachment":[{"href":"https:\/\/evotek.md\/ro\/wp-json\/wp\/v2\/media?parent=27095"}],"curies":[{"name":"wp","href":"https:\/\/api.w.org\/{rel}","templated":true}]}}