{"id":27092,"date":"2021-12-17T13:46:26","date_gmt":"2021-12-17T13:50:17","guid":{"rendered":"https:\/\/evotek.md\/?post_type=product&#038;p=27092"},"modified":"2021-12-17T14:09:46","modified_gmt":"2021-12-17T14:09:46","slug":"1150-023","status":"publish","type":"product","link":"https:\/\/evotek.md\/ro\/produse\/accesorii-si-inventar-bucatarie\/accesorii-pentru-bar\/1150-023\/","title":{"rendered":"PENSET\u0102 PENTRU BUC\u0102TAR 23 cm -Sanelli-1150.023"},"content":{"rendered":"<p><strong>PENSET\u0102 PENTRU BUC\u0102TAR 23 cm -Sanelli-1150.023-<\/strong> Penseta pentru buc\u0103tar din o\u021bel inoxidabil, se folose\u0219te pentru \u00eendep\u0103rtarea oaselor din pe\u0219te \u0219i decorarea bucatelor.<\/p>\n<p>Caracteristici<br \/>\nDimensiune: 23 cm<br \/>\nMaterial: otel inoxidabil<\/p>\n","protected":false},"excerpt":{"rendered":"<p>Penset\u0103 pentru buc\u0103tar din o\u021bel inoxidabil, 23 cm.<\/p>\n","protected":false},"featured_media":27089,"template":"","meta":[],"_links":{"self":[{"href":"https:\/\/evotek.md\/ro\/wp-json\/wp\/v2\/product\/27092"}],"collection":[{"href":"https:\/\/evotek.md\/ro\/wp-json\/wp\/v2\/product"}],"about":[{"href":"https:\/\/evotek.md\/ro\/wp-json\/wp\/v2\/types\/product"}],"wp:featuredmedia":[{"embeddable":true,"href":"https:\/\/evotek.md\/ro\/wp-json\/wp\/v2\/media\/27089"}],"wp:attachment":[{"href":"https:\/\/evotek.md\/ro\/wp-json\/wp\/v2\/media?parent=27092"}],"curies":[{"name":"wp","href":"https:\/\/api.w.org\/{rel}","templated":true}]}}