{"id":27085,"date":"2021-12-17T13:19:42","date_gmt":"2021-12-17T13:26:20","guid":{"rendered":"https:\/\/evotek.md\/?post_type=product&#038;p=27085"},"modified":"2022-02-04T10:05:38","modified_gmt":"2022-02-04T10:05:38","slug":"h350-016","status":"publish","type":"product","link":"https:\/\/evotek.md\/ro\/produse\/accesorii-si-inventar-bucatarie\/cutite-bucatarie\/h350-016\/","title":{"rendered":"CU\u021aIT SANTOKU CU LAM\u0102 PERFORAT\u0102 16 cm Sanelli-H350.016"},"content":{"rendered":"<p><strong>CU\u021aIT SANTOKU CU LAM\u0102 PERFORAT\u0102 16 cm Sanelli-H350.016\u2013<\/strong> Lamele sunt realizate din o\u021bel inoxidabil special NITRO-B cu azot ad\u0103ugat, rezult\u00e2nd o microstructur\u0103 omogen\u0103 cu rezisten\u021b\u0103 excelent\u0103 la coroziune \u0219i duritate final\u0103 dup\u0103 tratamentul termic. Conform tradi\u021biei japoneze, ascu\u021birea se face doar pe o parte a lamei, astfel \u00eenc\u00e2t materialul alimentar s\u0103 intre \u00een contact cu lama doar pentru o perioad\u0103 scurt\u0103 de timp \u0219i astfel tocirea este redus\u0103 la minimum. Aceast\u0103 metod\u0103 de ascu\u021bire este ideal\u0103 pentru utilizare pe termen lung \u0219i t\u0103ieturi progresive, \u00een special pentru fileuri de pe\u0219te.<\/p>\n<p>M\u00e2nerele sunt realizate din r\u0103\u0219in\u0103 sintetic\u0103 POM, ceea ce face cu\u021bitul confortabil \u0219i perfect echilibrat la t\u0103iere.<\/p>\n<p>Cutitul este ascutit doar pe o parte (pe dreapta) conform traditiei japoneze.<\/p>\n<p>Caracteristici<br \/>\nLungime: 16 cm<br \/>\nMaterial: inox<br \/>\nCuloare: negru<\/p>\n","protected":false},"excerpt":{"rendered":"<p>Cu\u021bit santoku cu lam\u0103 perforat\u0103. Lungime: 16 cm; Material: inox; Culoare: negru.<\/p>\n","protected":false},"featured_media":27084,"template":"","meta":[],"_links":{"self":[{"href":"https:\/\/evotek.md\/ro\/wp-json\/wp\/v2\/product\/27085"}],"collection":[{"href":"https:\/\/evotek.md\/ro\/wp-json\/wp\/v2\/product"}],"about":[{"href":"https:\/\/evotek.md\/ro\/wp-json\/wp\/v2\/types\/product"}],"wp:featuredmedia":[{"embeddable":true,"href":"https:\/\/evotek.md\/ro\/wp-json\/wp\/v2\/media\/27084"}],"wp:attachment":[{"href":"https:\/\/evotek.md\/ro\/wp-json\/wp\/v2\/media?parent=27085"}],"curies":[{"name":"wp","href":"https:\/\/api.w.org\/{rel}","templated":true}]}}