{"id":27080,"date":"2021-12-17T12:58:54","date_gmt":"2021-12-17T13:02:33","guid":{"rendered":"https:\/\/evotek.md\/?post_type=product&#038;p=27080"},"modified":"2021-12-17T13:02:33","modified_gmt":"2021-12-17T13:02:33","slug":"cutit-usaba-hasaki-16-cm-sanelli-h339-016","status":"publish","type":"product","link":"https:\/\/evotek.md\/ro\/produse\/accesorii-si-inventar-bucatarie\/cutite-bucatarie\/cutit-usaba-hasaki-16-cm-sanelli-h339-016\/","title":{"rendered":"CU\u021aIT USABA, HASAKI 16 cm, Sanelli-H339.016"},"content":{"rendered":"<p><strong>CU\u021aIT USABA, HASAKI 16 cm, Sanelli-H339.016- <\/strong>Lamele sunt realizate din o\u021bel inoxidabil special NITRO-B cu azot ad\u0103ugat, rezult\u00e2nd o microstructur\u0103 omogen\u0103 cu rezisten\u021b\u0103 excelent\u0103 la coroziune \u0219i duritate final\u0103 dup\u0103 tratamentul termic. Conform tradi\u021biei japoneze, ascu\u021birea se face doar pe o parte a lamei, astfel \u00eenc\u00e2t materialul alimentar s\u0103 intre \u00een contact cu lama doar pentru o perioad\u0103 scurt\u0103 de timp \u0219i astfel tocirea este redus\u0103 la minimum. Aceast\u0103 metod\u0103 de ascu\u021bire este ideal\u0103 pentru utilizare pe termen lung \u0219i t\u0103ieturi progresive, \u00een special pentru fileuri de pe\u0219te.<\/p>\n<p>M\u00e2nerele sunt realizate din r\u0103\u0219in\u0103 sintetic\u0103 POM, ceea ce face cu\u021bitul confortabil \u0219i perfect echilibrat la t\u0103iere.<\/p>\n<p>Caracteristici<br \/>\nLungime: 16 cm<br \/>\nMaterial: inox<br \/>\nCuloare: negru<\/p>\n","protected":false},"excerpt":{"rendered":"<p>Cu\u021bit usaba, hasaki. Lungime: 16 cm; Material: inox; Culoare: negru.<\/p>\n","protected":false},"featured_media":27079,"template":"","meta":[],"_links":{"self":[{"href":"https:\/\/evotek.md\/ro\/wp-json\/wp\/v2\/product\/27080"}],"collection":[{"href":"https:\/\/evotek.md\/ro\/wp-json\/wp\/v2\/product"}],"about":[{"href":"https:\/\/evotek.md\/ro\/wp-json\/wp\/v2\/types\/product"}],"wp:featuredmedia":[{"embeddable":true,"href":"https:\/\/evotek.md\/ro\/wp-json\/wp\/v2\/media\/27079"}],"wp:attachment":[{"href":"https:\/\/evotek.md\/ro\/wp-json\/wp\/v2\/media?parent=27080"}],"curies":[{"name":"wp","href":"https:\/\/api.w.org\/{rel}","templated":true}]}}