{"id":27063,"date":"2021-12-17T12:01:59","date_gmt":"2021-12-17T12:01:59","guid":{"rendered":"https:\/\/evotek.md\/?post_type=product&#038;p=27063"},"modified":"2022-01-04T14:52:27","modified_gmt":"2022-01-04T14:52:27","slug":"cutit-de-bucatarie-15-cm-sanelli-c349-015","status":"publish","type":"product","link":"https:\/\/evotek.md\/ro\/produse\/accesorii-si-inventar-bucatarie\/cutite-bucatarie\/cutit-de-bucatarie-15-cm-sanelli-c349-015\/","title":{"rendered":"CU\u021aIT DE BUC\u0102T\u0102RIE 15 cm Chef -C349.015"},"content":{"rendered":"<p><strong>CU\u021aIT DE BUC\u0102T\u0102RIE 15 cm Chef Sanelli-C349.015\u2013<\/strong> cu\u021bite de buc\u0103t\u0103rie profesionale de calitate european\u0103 pentru hotele, restaurante, cafenele \u0219i baruri.<\/p>\n<p>Caracteristici<\/p>\n<p>Lungime: 15 cm<br \/>\nCuloare: negru<br \/>\nMaterial: o\u021bel inoxidabil<\/p>\n","protected":false},"excerpt":{"rendered":"<div class=\"product-short-description\">\n<p>Cu\u021bit de buc\u0103t\u0103rie. Lungime: 15 cm; Culoare: negru; Material: o\u021bel inoxidabil.<\/p>\n<\/div>\n","protected":false},"featured_media":27062,"template":"","meta":[],"_links":{"self":[{"href":"https:\/\/evotek.md\/ro\/wp-json\/wp\/v2\/product\/27063"}],"collection":[{"href":"https:\/\/evotek.md\/ro\/wp-json\/wp\/v2\/product"}],"about":[{"href":"https:\/\/evotek.md\/ro\/wp-json\/wp\/v2\/types\/product"}],"wp:featuredmedia":[{"embeddable":true,"href":"https:\/\/evotek.md\/ro\/wp-json\/wp\/v2\/media\/27062"}],"wp:attachment":[{"href":"https:\/\/evotek.md\/ro\/wp-json\/wp\/v2\/media?parent=27063"}],"curies":[{"name":"wp","href":"https:\/\/api.w.org\/{rel}","templated":true}]}}