{"id":27057,"date":"2021-12-17T11:50:19","date_gmt":"2021-12-17T11:50:19","guid":{"rendered":"https:\/\/evotek.md\/?post_type=product&#038;p=27057"},"modified":"2021-12-17T11:50:19","modified_gmt":"2021-12-17T11:50:19","slug":"cutit-de-bucatarie-20-cm-sanelli-c349-020","status":"publish","type":"product","link":"https:\/\/evotek.md\/ro\/produse\/accesorii-si-inventar-bucatarie\/cutite-bucatarie\/cutit-de-bucatarie-20-cm-sanelli-c349-020\/","title":{"rendered":"CU\u021aIT DE BUC\u0102T\u0102RIE 20 cm Sanelli-C349.020"},"content":{"rendered":"<p><strong>CU\u021aIT DE BUC\u0102T\u0102RIE 20 cm Sanelli-C349.020<\/strong>&#8211; cu\u021bite de buc\u0103t\u0103rie profesionale de calitate european\u0103 pentru hotele, restaurante, cafenele \u0219i baruri.<\/p>\n<p>Caracteristici<\/p>\n<p>Lungime: 20 cm<br \/>\nCuloare: negru<br \/>\nMaterial: o\u021bel inoxidabil<\/p>\n","protected":false},"excerpt":{"rendered":"<p>Cu\u021bit de buc\u0103t\u0103rie. Lungime: 20 cm; Culoare: negru; Material: o\u021bel inoxidabil.<\/p>\n","protected":false},"featured_media":27056,"template":"","meta":[],"_links":{"self":[{"href":"https:\/\/evotek.md\/ro\/wp-json\/wp\/v2\/product\/27057"}],"collection":[{"href":"https:\/\/evotek.md\/ro\/wp-json\/wp\/v2\/product"}],"about":[{"href":"https:\/\/evotek.md\/ro\/wp-json\/wp\/v2\/types\/product"}],"wp:featuredmedia":[{"embeddable":true,"href":"https:\/\/evotek.md\/ro\/wp-json\/wp\/v2\/media\/27056"}],"wp:attachment":[{"href":"https:\/\/evotek.md\/ro\/wp-json\/wp\/v2\/media?parent=27057"}],"curies":[{"name":"wp","href":"https:\/\/api.w.org\/{rel}","templated":true}]}}