{"id":27045,"date":"2021-12-17T10:06:08","date_gmt":"2021-12-17T10:23:03","guid":{"rendered":"https:\/\/evotek.md\/?post_type=product&#038;p=27045"},"modified":"2021-12-17T10:23:03","modified_gmt":"2021-12-17T10:23:03","slug":"s779-024","status":"publish","type":"product","link":"https:\/\/evotek.md\/ro\/produse\/accesorii-si-inventar-bucatarie\/spatula\/s779-024\/","title":{"rendered":"SPATUL\u0102 DE COFET\u0102RIE 24&#215;6 cm -Sanelli-S779.024"},"content":{"rendered":"<p><strong>SPATUL\u0102 DE COFET\u0102RIE 24&#215;6 cm -Sanelli-S779.024-<\/strong> Linie de tac\u00e2muri special conceput\u0103 pentru uz profesional. Materialele folosite sunt sterilizabile, rezistente la coroziune \u0219i temperaturi ridicate, respect\u0103 standardele actuale de igien\u0103 \u0219i siguran\u021b\u0103 alimentar\u0103. M\u00e2ner din elastomer TPE negru. Lama satinat\u0103 din o\u021bel inoxidabil special cu azot. Lama potrivit\u0103 pe m\u00e2ner pentru o igien\u0103 maxim\u0103.<\/p>\n<p>Caracteristici<br \/>\nParametri: 24&#215;6 cm<br \/>\nMaterial: o\u021bel inoxidabil<br \/>\nCuloare: negru<\/p>\n","protected":false},"excerpt":{"rendered":"<p>Spatul\u0103 de cofet\u0103rie. Parametri: 24&#215;6 cm; Material: o\u021bel inoxidabil; Culoare: negru.<\/p>\n","protected":false},"featured_media":27044,"template":"","meta":[],"_links":{"self":[{"href":"https:\/\/evotek.md\/ro\/wp-json\/wp\/v2\/product\/27045"}],"collection":[{"href":"https:\/\/evotek.md\/ro\/wp-json\/wp\/v2\/product"}],"about":[{"href":"https:\/\/evotek.md\/ro\/wp-json\/wp\/v2\/types\/product"}],"wp:featuredmedia":[{"embeddable":true,"href":"https:\/\/evotek.md\/ro\/wp-json\/wp\/v2\/media\/27044"}],"wp:attachment":[{"href":"https:\/\/evotek.md\/ro\/wp-json\/wp\/v2\/media?parent=27045"}],"curies":[{"name":"wp","href":"https:\/\/api.w.org\/{rel}","templated":true}]}}