{"id":27035,"date":"2021-12-17T09:32:11","date_gmt":"2021-12-17T09:34:26","guid":{"rendered":"https:\/\/evotek.md\/?post_type=product&#038;p=27035"},"modified":"2023-12-05T11:44:08","modified_gmt":"2023-12-05T11:44:08","slug":"cutitul-bucatarului-pentru-verdeata-22-cm-sanelli-t349-022g","status":"publish","type":"product","link":"https:\/\/evotek.md\/ro\/produse\/accesorii-si-inventar-bucatarie\/cutite-bucatarie\/cutitul-bucatarului-pentru-verdeata-22-cm-sanelli-t349-022g\/","title":{"rendered":"CU\u021aITUL BUC\u0102TARULUI, PENTRU VERDEA\u021a\u0102 22 cm Sanelli-T349.022G \/ TC49022G"},"content":{"rendered":"<p><strong>CU\u021aITUL BUC\u0102TARULUI, PENTRU VERDEA\u021a\u0102 22 cm Sanelli-T349.022G\u2013<\/strong>\u00a0Conceput\u0103 special pentru profesioni\u0219ti, linia Supra Colore ajut\u0103 la reducerea riscului de contaminare prin utilizarea unui sistem de codificare a culorilor care atribuie o sarcin\u0103 specific\u0103 fiec\u0103rui cu\u021bit, astfel \u00eenc\u00e2t s\u0103 poat\u0103 fi identificate cu u\u0219urin\u021b\u0103 diferite zone ale proces\u0103rii alimentelor. Implementarea acestui sistem v\u0103 ofer\u0103 o cre\u0219tere semnificativ\u0103 a siguran\u021bei alimentelor \u00een acela\u0219i timp, este un r\u0103spuns simplu la reglement\u0103rile HACCP privind igiena alimentelor, pentru o protec\u021bie \u0219i mai mare a consumatorilor.<\/p>\n<p>Caracteristici<br \/>\nLungime: 22 cm<br \/>\nMaterial: inox<br \/>\nCuloare: gri, verde<\/p>\n","protected":false},"excerpt":{"rendered":"<p>Cu\u021bitul buc\u0103tarului, pentru verdea\u021b\u0103. Lungime: 22 cm; Material: inox; Culoare: gri, verde.<\/p>\n","protected":false},"featured_media":27031,"template":"","meta":[],"_links":{"self":[{"href":"https:\/\/evotek.md\/ro\/wp-json\/wp\/v2\/product\/27035"}],"collection":[{"href":"https:\/\/evotek.md\/ro\/wp-json\/wp\/v2\/product"}],"about":[{"href":"https:\/\/evotek.md\/ro\/wp-json\/wp\/v2\/types\/product"}],"wp:featuredmedia":[{"embeddable":true,"href":"https:\/\/evotek.md\/ro\/wp-json\/wp\/v2\/media\/27031"}],"wp:attachment":[{"href":"https:\/\/evotek.md\/ro\/wp-json\/wp\/v2\/media?parent=27035"}],"curies":[{"name":"wp","href":"https:\/\/api.w.org\/{rel}","templated":true}]}}