{"id":27016,"date":"2021-12-16T15:55:27","date_gmt":"2021-12-16T15:58:07","guid":{"rendered":"https:\/\/evotek.md\/?post_type=product&#038;p=27016"},"modified":"2023-12-05T15:42:12","modified_gmt":"2023-12-05T15:42:12","slug":"cutit-pentru-prajituri-24-cm-sanelli-t363-024w","status":"publish","type":"product","link":"https:\/\/evotek.md\/ro\/produse\/accesorii-si-inventar-bucatarie\/cutite-bucatarie\/cutit-pentru-prajituri-24-cm-sanelli-t363-024w\/","title":{"rendered":"CU\u021aIT PENTRU PR\u0102JITURI 24 cm Sanelli-T363.024W \/ TP63024W"},"content":{"rendered":"<p><strong>CU\u021aIT PENTRU PR\u0102JITURI 24 cm Sanelli-T363.024W<\/strong>\u2013 Conceput\u0103 special pentru profesioni\u0219ti, linia Supra Colore ajut\u0103 la reducerea riscului de contaminare prin utilizarea unui sistem de codificare a culorilor care atribuie o sarcin\u0103 specific\u0103 fiec\u0103rui cu\u021bit, astfel \u00eenc\u00e2t s\u0103 poat\u0103 fi identificate cu u\u0219urin\u021b\u0103 diferite zone ale proces\u0103rii alimentelor. Implementarea acestui sistem v\u0103 ofer\u0103 o cre\u0219tere semnificativ\u0103 a siguran\u021bei alimentelor \u00een acela\u0219i timp, este un r\u0103spuns simplu la reglement\u0103rile HACCP privind igiena alimentelor, pentru o protec\u021bie \u0219i mai mare a consumatorilor.<\/p>\n<p>Caracteristici<br \/>\nLungime: 24 cm<br \/>\nMaterial: inox<br \/>\nCuloare: gri, alb<\/p>\n","protected":false},"excerpt":{"rendered":"<p>Cu\u021bit pentru pr\u0103jituri. Lungime: 24 cm; Material: inox; Culoare: gri, alb.<\/p>\n","protected":false},"featured_media":27015,"template":"","meta":[],"_links":{"self":[{"href":"https:\/\/evotek.md\/ro\/wp-json\/wp\/v2\/product\/27016"}],"collection":[{"href":"https:\/\/evotek.md\/ro\/wp-json\/wp\/v2\/product"}],"about":[{"href":"https:\/\/evotek.md\/ro\/wp-json\/wp\/v2\/types\/product"}],"wp:featuredmedia":[{"embeddable":true,"href":"https:\/\/evotek.md\/ro\/wp-json\/wp\/v2\/media\/27015"}],"wp:attachment":[{"href":"https:\/\/evotek.md\/ro\/wp-json\/wp\/v2\/media?parent=27016"}],"curies":[{"name":"wp","href":"https:\/\/api.w.org\/{rel}","templated":true}]}}