{"id":26989,"date":"2021-12-16T14:15:34","date_gmt":"2021-12-16T14:18:07","guid":{"rendered":"https:\/\/evotek.md\/?post_type=product&#038;p=26989"},"modified":"2023-12-05T09:52:37","modified_gmt":"2023-12-05T09:52:37","slug":"musat-cromat-s063-030l","status":"publish","type":"product","link":"https:\/\/evotek.md\/ro\/produse\/accesorii-si-inventar-bucatarie\/cutite-bucatarie\/musat-cromat-s063-030l\/","title":{"rendered":"MUSAT OVAL CROMAT, ALBASTRU 30 cm -S063.030L \/SY63030L"},"content":{"rendered":"<p><strong>MUSAT OVAL CROMAT, ALBASTRU 30 cm -S063.030L- <\/strong>Instrument pentru \u00eendep\u0103rtarea denivel\u0103rilor de la cu\u021bitele de buc\u0103t\u0103rie. Tija oval\u0103 cu o crest\u0103tur\u0103 longitudinal\u0103, are un m\u00e2ner pentru u\u0219urin\u021ba \u00een utilizare.<\/p>\n<p>Caracteristici<\/p>\n<p>Lungime: 300 mm<\/p>\n<p>Poate fi sp\u0103lat \u00een ma\u0219ina de sp\u0103lat vase<\/p>\n","protected":false},"excerpt":{"rendered":"<p>Pil\u0103 pentru ascu\u021bit cu\u021bite \/ musat albastru, oval. Lungime: 300 mm; Se spal\u0103 \u00een ma\u0219ina de spalat vase.<\/p>\n","protected":false},"featured_media":26988,"template":"","meta":[],"_links":{"self":[{"href":"https:\/\/evotek.md\/ro\/wp-json\/wp\/v2\/product\/26989"}],"collection":[{"href":"https:\/\/evotek.md\/ro\/wp-json\/wp\/v2\/product"}],"about":[{"href":"https:\/\/evotek.md\/ro\/wp-json\/wp\/v2\/types\/product"}],"wp:featuredmedia":[{"embeddable":true,"href":"https:\/\/evotek.md\/ro\/wp-json\/wp\/v2\/media\/26988"}],"wp:attachment":[{"href":"https:\/\/evotek.md\/ro\/wp-json\/wp\/v2\/media?parent=26989"}],"curies":[{"name":"wp","href":"https:\/\/api.w.org\/{rel}","templated":true}]}}