{"id":26979,"date":"2021-12-16T13:36:12","date_gmt":"2021-12-16T13:40:46","guid":{"rendered":"https:\/\/evotek.md\/?post_type=product&#038;p=26979"},"modified":"2023-02-06T14:29:30","modified_gmt":"2023-02-06T14:29:30","slug":"musat-s016-030","status":"publish","type":"product","link":"https:\/\/evotek.md\/ro\/produse\/accesorii-si-inventar-bucatarie\/cutite-bucatarie\/musat-s016-030\/","title":{"rendered":"MUSAT 30 cm -S016.030"},"content":{"rendered":"<p><strong>MUSAT 30 cm -S016.030-<\/strong> Instrument pentru \u00eendep\u0103rtarea denivel\u0103rilor de la t\u0103ierea cu\u021bitelor de buc\u0103t\u0103rie. Tija rotund\u0103 cu o crest\u0103tur\u0103 longitudinal\u0103, are un m\u00e2ner pentru u\u0219urin\u021ba \u00een utilizare.<\/p>\n<p>Caracteristici<\/p>\n<p>Lungime: 300 mm<\/p>\n<p>Se spal\u0103 \u00een ma\u0219ina de spalat vase<\/p>\n","protected":false},"excerpt":{"rendered":"<p>Pil\u0103 pentru ascu\u021bit cu\u021bite \/ musat. Lungime: 300 mm; Se spal\u0103 \u00een ma\u0219ina de spalat vase.<\/p>\n","protected":false},"featured_media":26978,"template":"","meta":[],"_links":{"self":[{"href":"https:\/\/evotek.md\/ro\/wp-json\/wp\/v2\/product\/26979"}],"collection":[{"href":"https:\/\/evotek.md\/ro\/wp-json\/wp\/v2\/product"}],"about":[{"href":"https:\/\/evotek.md\/ro\/wp-json\/wp\/v2\/types\/product"}],"wp:featuredmedia":[{"embeddable":true,"href":"https:\/\/evotek.md\/ro\/wp-json\/wp\/v2\/media\/26978"}],"wp:attachment":[{"href":"https:\/\/evotek.md\/ro\/wp-json\/wp\/v2\/media?parent=26979"}],"curies":[{"name":"wp","href":"https:\/\/api.w.org\/{rel}","templated":true}]}}