{"id":26971,"date":"2021-12-15T10:52:24","date_gmt":"2021-12-15T11:14:27","guid":{"rendered":"https:\/\/evotek.md\/?post_type=product&#038;p=26971"},"modified":"2023-03-03T15:06:56","modified_gmt":"2023-03-03T15:06:56","slug":"saladetta-hkn-pzg3-116-rock","status":"publish","type":"product","link":"https:\/\/evotek.md\/ro\/produse\/echipamente-frigorifice\/masa-frigider-pentru-pizza\/saladetta-hkn-pzg3-116-rock\/","title":{"rendered":"MASA FRIGORIFICA CU BLAT DIN GRANIT SI BORDUR LA PERETE, 2 USI, 7 SERTARE 580 LITRI -HKN-PZG3-116"},"content":{"rendered":"<p><strong>MASA FRIGORIFICA CU BLAT DIN GRANIT SI BORDUR LA PERETE, 2 USI, 7 SERTARE 580 LITRI -HKN-PZG3-116-<\/strong> este conceput\u0103 pentru a asigura siguran\u021ba \u0219i prospe\u021bimea ingredientelor pentru gust\u0103rile reci \u0219i salate. Datorit\u0103 designului convenabil, tot ceea ce ave\u021bi nevoie pentru g\u0103tit este \u00eentotdeauna la \u00eendem\u00e2n\u0103 de buc\u0103tar.<\/p>\n<p>Caracteristici<br \/>\nInterval de temperatur\u0103: -2 \/ + 8 \u00b0C<br \/>\nR\u0103cire dinamic\u0103: Agent frigorific: R290<br \/>\nBlat de mas\u0103 din piatr\u0103 cu laterale<br \/>\n2 u\u0219i \u0219i 6 sertare<br \/>\nDispunerea lateral\u0103 a unit\u0103\u021bii frigorifice<br \/>\nVolum: 580 l<br \/>\nPe ro\u021bi<br \/>\nParametri (HxLxL): 1000x2020x800 mm<br \/>\nPutere: 0,32 kW<br \/>\nGreutate neta: 336 kg<\/p>\n","protected":false},"excerpt":{"rendered":"<p>Saladetta. Interval de temperatur\u0103: -2 \/ + 8 \u00b0C; R\u0103cire dinamic\u0103: Agent frigorific: R290; Blat de mas\u0103 din piatr\u0103 cu laterale; 2 u\u0219i \u0219i 6 sertare; Dispunerea lateral\u0103 a unit\u0103\u021bii frigorifice; Volum: 580 l; Pe ro\u021bi; Parametri (HxLxL): 1000x2020x800 mm; Putere: 0,32 kW; Greutate neta: 336 kg.<\/p>\n","protected":false},"featured_media":26967,"template":"","meta":[],"_links":{"self":[{"href":"https:\/\/evotek.md\/ro\/wp-json\/wp\/v2\/product\/26971"}],"collection":[{"href":"https:\/\/evotek.md\/ro\/wp-json\/wp\/v2\/product"}],"about":[{"href":"https:\/\/evotek.md\/ro\/wp-json\/wp\/v2\/types\/product"}],"wp:featuredmedia":[{"embeddable":true,"href":"https:\/\/evotek.md\/ro\/wp-json\/wp\/v2\/media\/26967"}],"wp:attachment":[{"href":"https:\/\/evotek.md\/ro\/wp-json\/wp\/v2\/media?parent=26971"}],"curies":[{"name":"wp","href":"https:\/\/api.w.org\/{rel}","templated":true}]}}