{"id":26920,"date":"2021-12-10T09:41:18","date_gmt":"2021-12-10T09:43:46","guid":{"rendered":"https:\/\/evotek.md\/?post_type=product&#038;p=26920"},"modified":"2021-12-10T09:43:46","modified_gmt":"2021-12-10T09:43:46","slug":"salat-bar-neutru-emp-sb-04-n","status":"publish","type":"product","link":"https:\/\/evotek.md\/ro\/produse\/linii-de-distributie\/linie-deservire-empero\/salat-bar-neutru-emp-sb-04-n\/","title":{"rendered":"SALAT-BAR NEUTRU -EMP.SB.04-N"},"content":{"rendered":"<p><strong>SALAT-BAR NEUTRU -EMP.SB.04-N-<\/strong> Vitrin\u0103 neutr\u0103 pentru salate. Facilit\u0103\u021bi: Blat de lucru din granit. Sistem de iluminare. Culoare suplimentar\u0103 a carcasei din lemn. Ecran de protec\u021bie din sticl\u0103 deta\u0219abil.<\/p>\n<p>Caracteristici<br \/>\nDimensiuni: 1500x890x870\/1370 mm<br \/>\nGreutate: 146 kg<br \/>\nNet: 1,82 m3<\/p>\n","protected":false},"excerpt":{"rendered":"<p>Vitrin\u0103 neutr\u0103 pentru salate. Dimensiuni: 1500x890x870\/1370 mm; Greutate: 146 kg; Net: 1,82 m3.<\/p>\n","protected":false},"featured_media":26914,"template":"","meta":[],"_links":{"self":[{"href":"https:\/\/evotek.md\/ro\/wp-json\/wp\/v2\/product\/26920"}],"collection":[{"href":"https:\/\/evotek.md\/ro\/wp-json\/wp\/v2\/product"}],"about":[{"href":"https:\/\/evotek.md\/ro\/wp-json\/wp\/v2\/types\/product"}],"wp:featuredmedia":[{"embeddable":true,"href":"https:\/\/evotek.md\/ro\/wp-json\/wp\/v2\/media\/26914"}],"wp:attachment":[{"href":"https:\/\/evotek.md\/ro\/wp-json\/wp\/v2\/media?parent=26920"}],"curies":[{"name":"wp","href":"https:\/\/api.w.org\/{rel}","templated":true}]}}