{"id":26915,"date":"2021-12-10T09:07:42","date_gmt":"2021-12-10T09:15:38","guid":{"rendered":"https:\/\/evotek.md\/?post_type=product&#038;p=26915"},"modified":"2021-12-10T09:17:13","modified_gmt":"2021-12-10T09:17:13","slug":"salat-bar-neutru-emp-sb-03-n","status":"publish","type":"product","link":"https:\/\/evotek.md\/ro\/produse\/linii-de-distributie\/linie-deservire-empero\/salat-bar-neutru-emp-sb-03-n\/","title":{"rendered":"SALAT-BAR\u00a0NEUTRU\u00a0-EMP.SB.03-N"},"content":{"rendered":"<p><strong>SALAT-BAR\u00a0<\/strong><strong>NEUTRU\u00a0<\/strong><strong>-EMP.SB.03-N-<\/strong> Vitrin\u0103 neutr\u0103 pentru salate. Facilit\u0103\u021bi: Blat de lucru din granit. Sistem de iluminare. Culoare suplimentar\u0103 a carcasei din lemn. Ecran de protec\u021bie din sticl\u0103 deta\u0219abil.<\/p>\n<p>Caracteristici<br \/>\nDimensiuni: 1180x890x870 \/ 1370 mm<br \/>\nGreutate: 125 kg<br \/>\nNet: 1,43 m3<\/p>\n","protected":false},"excerpt":{"rendered":"<p>Vitrin\u0103 neutr\u0103 pentru salate. Dimensiuni: 1180x890x870 \/ 1370 mm; Greutate: 125 kg; Net: 1,43 m3.<\/p>\n","protected":false},"featured_media":26914,"template":"","meta":[],"_links":{"self":[{"href":"https:\/\/evotek.md\/ro\/wp-json\/wp\/v2\/product\/26915"}],"collection":[{"href":"https:\/\/evotek.md\/ro\/wp-json\/wp\/v2\/product"}],"about":[{"href":"https:\/\/evotek.md\/ro\/wp-json\/wp\/v2\/types\/product"}],"wp:featuredmedia":[{"embeddable":true,"href":"https:\/\/evotek.md\/ro\/wp-json\/wp\/v2\/media\/26914"}],"wp:attachment":[{"href":"https:\/\/evotek.md\/ro\/wp-json\/wp\/v2\/media?parent=26915"}],"curies":[{"name":"wp","href":"https:\/\/api.w.org\/{rel}","templated":true}]}}