{"id":26907,"date":"2021-12-08T10:16:47","date_gmt":"2021-12-08T10:16:47","guid":{"rendered":"https:\/\/evotek.md\/?post_type=product&#038;p=26907"},"modified":"2021-12-08T10:17:24","modified_gmt":"2021-12-08T10:17:24","slug":"cuptor-pentru-gastronomie-cu-trei-sectii-shz-3m","status":"publish","type":"product","link":"https:\/\/evotek.md\/ro\/produse\/echipamente-termice\/cuptoare-gastronomice-prajire\/cuptor-pentru-gastronomie-cu-trei-sectii-shz-3m\/","title":{"rendered":"CUPTOR PENTRU GASTRONOMIE CU TREI SEC\u021aII -SHZ-3M"},"content":{"rendered":"<p><strong>CUPTOR PENTRU GASTRONOMIE CU TREI SEC\u021aII -SHZ-3M-<\/strong>\u00a0Designul cuptorului asigur\u0103 o distribu\u021bie uniform\u0103 a temperaturii, care garanteaz\u0103 o coacere uniform\u0103. Reglarea separat\u0103 a elementelor de \u00eenc\u0103lzire superioare \u0219i inferioare ale cuptorului. Elementele de \u00eenc\u0103lzire din o\u021bel inoxidabil le prelungesc semnificativ durabilitatea. Cuptorul este echipat cu doua tave din carbon metal.<\/p>\n<p>Caracteristici<br \/>\nTensiune: 380 V<br \/>\nPutere: 14,4 kW<br \/>\nNum\u0103r de sec\u021bii: 3 bucat\u0103<br \/>\nDimensiuni tav\u0103 (l\/l\/\u00ee): 530x490x40 mm sau GN 1\/1<br \/>\nDimensiuni interioare cuptor (l\/l\/\u00ee): 688x565x338 mm<br \/>\nInterval de control al temperaturii: + 50 \u2026 + 300 \u2103<br \/>\nDimensiuni totale (l\/l\/\u00ee): 790x760x1795 mm<br \/>\nGreutate: 161 kg<\/p>\n","protected":false},"excerpt":{"rendered":"<p>Cuptor gastronomic (pentru pr\u0103jire) cu trei sec\u021bii. Tensiune: 380 V; Putere: 14,4 kW; Num\u0103r de sec\u021bii: 3 bucat\u0103; Dimensiuni tav\u0103 (l\/l\/\u00ee): 530x490x40 mm sau GN 1\/1; Dimensiuni interioare cuptor (l\/l\/\u00ee): 688x565x338 mm; Interval de control al temperaturii: + 50 \u2026 + 300 \u2103; Dimensiuni totale (l\/l\/\u00ee): 790x760x1795 mm; Greutate: 161 kg.<\/p>\n","protected":false},"featured_media":26906,"template":"","meta":[],"_links":{"self":[{"href":"https:\/\/evotek.md\/ro\/wp-json\/wp\/v2\/product\/26907"}],"collection":[{"href":"https:\/\/evotek.md\/ro\/wp-json\/wp\/v2\/product"}],"about":[{"href":"https:\/\/evotek.md\/ro\/wp-json\/wp\/v2\/types\/product"}],"wp:featuredmedia":[{"embeddable":true,"href":"https:\/\/evotek.md\/ro\/wp-json\/wp\/v2\/media\/26906"}],"wp:attachment":[{"href":"https:\/\/evotek.md\/ro\/wp-json\/wp\/v2\/media?parent=26907"}],"curies":[{"name":"wp","href":"https:\/\/api.w.org\/{rel}","templated":true}]}}