{"id":2688,"date":"2020-02-21T10:56:54","date_gmt":"2020-02-21T10:56:54","guid":{"rendered":"https:\/\/evotek.md\/?post_type=product&#038;p=2688"},"modified":"2020-02-25T15:46:54","modified_gmt":"2020-02-25T15:46:54","slug":"dospitor-emp-mf-20","status":"publish","type":"product","link":"https:\/\/evotek.md\/ro\/produse\/echipamente-termice\/dospitor\/dospitor-emp-mf-20\/","title":{"rendered":"DOSPITOR -EMP.MF.20"},"content":{"rendered":"<p><strong>DOSPITOR<\/strong> <strong>-EMP.MF.20- <\/strong>Dospitorul este utilizat la \u00eentreprinderile de alimenta\u021bie public\u0103 \u0219i comer\u021b pentru dospirea buc\u0103\u021bilor de aluat. Modelul este echipat cu un panou de control mecanic u\u0219or de utilizat. Carcasa este din inox.<\/p>\n<p>Facilit\u0103\u021bi: Control electronic termostatic al temperaturii; Senzor de umiditate; Apa se toarn\u0103 manual; Are tav\u0103 pentru ap\u0103; Posibilitatea plas\u0103rii unui cuptor de convec\u021bie \u00een partea superioar\u0103 a dulapului pentru o mai mare compactitate \u0219i comoditate; Igienic \u0219i u\u0219or de cur\u0103\u021bat.<\/p>\n<p>Caracteristici<\/p>\n<p>Num\u0103r de niveluri: 16<\/p>\n<p>Dimensiunea tavelor: 400\u0445600 \u043c\u043c<\/p>\n<p>Mod de temperatur\u0103: de la 0 la 90 \u00b0 \u0421<\/p>\n<p>Tensiune: 220 V<\/p>\n<p>Putere: 3 kW<\/p>\n<p>Parametri: 500x720x1800 mm<\/p>\n<p>Greutate: 80 kg<\/p>\n<p>\u021aara de origine: Turcia<\/p>\n<p>&nbsp;<\/p>\n","protected":false},"excerpt":{"rendered":"<p>Dospitor cu 16 nivele. Dimensiunea tavelor: 400\u0445600 \u043c\u043c; Mod de temperatur\u0103: de la 0 la 90 \u00b0 \u0421; Tensiune: 220 V; Putere: 3 kW; Parametri: 500x720x1800 mm; Greutate: 80 kg; \u021aara de origine: Turcia.<\/p>\n<p>&nbsp;<\/p>\n","protected":false},"featured_media":2687,"template":"","meta":[],"_links":{"self":[{"href":"https:\/\/evotek.md\/ro\/wp-json\/wp\/v2\/product\/2688"}],"collection":[{"href":"https:\/\/evotek.md\/ro\/wp-json\/wp\/v2\/product"}],"about":[{"href":"https:\/\/evotek.md\/ro\/wp-json\/wp\/v2\/types\/product"}],"wp:featuredmedia":[{"embeddable":true,"href":"https:\/\/evotek.md\/ro\/wp-json\/wp\/v2\/media\/2687"}],"wp:attachment":[{"href":"https:\/\/evotek.md\/ro\/wp-json\/wp\/v2\/media?parent=2688"}],"curies":[{"name":"wp","href":"https:\/\/api.w.org\/{rel}","templated":true}]}}