{"id":26862,"date":"2021-11-25T12:56:59","date_gmt":"2021-11-25T12:56:59","guid":{"rendered":"https:\/\/evotek.md\/?post_type=product&#038;p=26862"},"modified":"2021-11-25T12:57:12","modified_gmt":"2021-11-25T12:57:12","slug":"salat-bar-vitrina-frigorifica-pentru-salate-4x1-1-gn-emp-sb-04","status":"publish","type":"product","link":"https:\/\/evotek.md\/ro\/produse\/linii-de-distributie\/linie-deservire-empero\/salat-bar-vitrina-frigorifica-pentru-salate-4x1-1-gn-emp-sb-04\/","title":{"rendered":"SALAT BAR \/ VITRIN\u0102 FRIGORIFIC\u0102 PENTRU SALATE 4\u00d71\/1 GN -EMP.SB.04"},"content":{"rendered":"<p><strong>SALAT BAR \/ VITRIN\u0102 FRIGORIFIC\u0102 PENTRU SALATE 4\u00d71\/1 GN -EMP.SB.04-<\/strong> Vitrin\u0103 frigorific\u0103 pentru salate. Facilit\u0103\u021bi: Tave din o\u021bel inoxidabil; Energie 220 V, 50 Hz; Sistem de r\u0103cire serpantin; Izola\u021bie din poliuretan cu o densitate de 40 kg\/mc; Sistem de iluminare; Gaz frigorific: R-134 A; Culoare suplimentar\u0103 a carcasei din lemn; Ecran de protec\u021bie din sticl\u0103 deta\u0219abil\u0103.<\/p>\n<p>Caracteristici<br \/>\nDimensiuni totale: 1500x890x870\/1370 mm<br \/>\nGreutate: 146 kg<br \/>\nNet: 1.82 mc<br \/>\nPutere: 1,3 kW<br \/>\nCapacitate: 4\u00d71\/1 GN<\/p>\n","protected":false},"excerpt":{"rendered":"<p>Vitrin\u0103 frigorific\u0103 pentru salate. Dimensiuni totale: 1500x890x870\/1370 mm; Greutate: 146 kg; Net: 1.82 mc; Putere: 1,3 kW; Capacitate: 4\u00d71\/1 GN.<\/p>\n","protected":false},"featured_media":26839,"template":"","meta":[],"_links":{"self":[{"href":"https:\/\/evotek.md\/ro\/wp-json\/wp\/v2\/product\/26862"}],"collection":[{"href":"https:\/\/evotek.md\/ro\/wp-json\/wp\/v2\/product"}],"about":[{"href":"https:\/\/evotek.md\/ro\/wp-json\/wp\/v2\/types\/product"}],"wp:featuredmedia":[{"embeddable":true,"href":"https:\/\/evotek.md\/ro\/wp-json\/wp\/v2\/media\/26839"}],"wp:attachment":[{"href":"https:\/\/evotek.md\/ro\/wp-json\/wp\/v2\/media?parent=26862"}],"curies":[{"name":"wp","href":"https:\/\/api.w.org\/{rel}","templated":true}]}}