{"id":26861,"date":"2021-11-25T12:20:40","date_gmt":"2021-11-25T12:33:30","guid":{"rendered":"https:\/\/evotek.md\/?post_type=product&#038;p=26861"},"modified":"2023-07-17T12:16:20","modified_gmt":"2023-07-17T12:16:20","slug":"aparat-pentru-waffe-m-09374235","status":"publish","type":"product","link":"https:\/\/evotek.md\/ro\/produse\/echipamente-pentru-fast-food\/aparate-pentru-vafe\/aparat-pentru-waffe-m-09374235\/","title":{"rendered":"APARAT ELECTRIC PENTRU VAFE, 1 BUCATA -M-09374235"},"content":{"rendered":"<div><strong>APARAT ELECTRIC PENTRU VAFE, 1 BUCATA -M-09374235-<\/strong> Cu acest aparat rotativ de vafe pute\u021bi face vafe delicioase de tip fagure. Func\u021bia de rota\u021bie coace vafele uniform p\u00e2n\u0103 devin maro auriu pe ambele p\u0103r\u021bi. \u00cenveli\u0219ul antiaderent al t\u0103vilor \u00eempiedic\u0103 lipirea wafelor.<\/div>\n<div><\/div>\n<div>Caracteristici<\/div>\n<div>Durabil \u0219i u\u0219or de lucrat<\/div>\n<div>Produc\u021bie rapid\u0103 de wafe de tip fagure<\/div>\n<div>Tav\u0103 de copt din aluminiu antiaderent\u0103<\/div>\n<div>Aparat de vafe pivotant<\/div>\n<div>Termostat reglabil: 50 p\u00e2n\u0103 la 300 \u00b0 C<\/div>\n<div>Echipat cu cronometru: 0-10 minute cu alarma<\/div>\n<div>Indicator luminos de temperatur\u0103<\/div>\n<div>Prevazut cu tava de picurare<\/div>\n<div>M\u00e2ner robust<\/div>\n<div>St\u0103 pe 4 picioare de cauciuc<\/div>\n<div>Construc\u021bie foarte robust\u0103<\/div>\n<div>Design igienic<\/div>\n<div>Greutate neta: 7,4 kg<\/div>\n<div>Dimensiune waffe: 190x170x20mm<\/div>\n<div>Dimensiuni aparat: 24&#215;37,5&#215;30,5 cm<\/div>\n<div>Putere electric\u0103 total\u0103: 1,5 kW<\/div>\n<div>230 V \/ 50 Hz \/ 1 faza 1500 W<\/div>\n","protected":false},"excerpt":{"rendered":"<p>Aparat electric pentru vafe bubble, 1 bucata cu celule mici hexagonale. Termostat reglabil: 50 p\u00e2n\u0103 la 300 \u00b0 C; Echipat cu cronometru: 0-10 minute cu alarma; Indicator luminos de temperatur\u0103; Prevazut cu tava de picurare; M\u00e2ner robust; St\u0103 pe 4 picioare de cauciuc; Construc\u021bie foarte robust\u0103; Design igienic; Greutate neta: 7,4 kg; Dimensiune waffe: 190x170x20mm; Dimensiuni aparat: 24&#215;37,5&#215;30,5 cm; Putere electric\u0103 total\u0103: 1,5 kW; 230 V \/ 50 Hz \/ 1 faza 1500 W.<\/p>\n","protected":false},"featured_media":26846,"template":"","meta":[],"_links":{"self":[{"href":"https:\/\/evotek.md\/ro\/wp-json\/wp\/v2\/product\/26861"}],"collection":[{"href":"https:\/\/evotek.md\/ro\/wp-json\/wp\/v2\/product"}],"about":[{"href":"https:\/\/evotek.md\/ro\/wp-json\/wp\/v2\/types\/product"}],"wp:featuredmedia":[{"embeddable":true,"href":"https:\/\/evotek.md\/ro\/wp-json\/wp\/v2\/media\/26846"}],"wp:attachment":[{"href":"https:\/\/evotek.md\/ro\/wp-json\/wp\/v2\/media?parent=26861"}],"curies":[{"name":"wp","href":"https:\/\/api.w.org\/{rel}","templated":true}]}}