{"id":26762,"date":"2021-11-23T12:26:14","date_gmt":"2021-11-23T12:34:46","guid":{"rendered":"https:\/\/evotek.md\/?post_type=product&#038;p=26762"},"modified":"2023-01-18T10:19:51","modified_gmt":"2023-01-18T10:19:51","slug":"plita-cu-inductie-de-podea-cu-patru-arzatoare-pi-4-2-10","status":"publish","type":"product","link":"https:\/\/evotek.md\/ro\/produse\/echipamente-termice\/plite-cu-inductie\/plita-cu-inductie-de-podea-cu-patru-arzatoare-pi-4-2-10\/","title":{"rendered":"PLITA CU INDUCTIE 4 ARZATOARE -PI-4.2-10"},"content":{"rendered":"<p><strong>PLITA CU INDUCTIE 4 ARZATOARE -PI-4.2-10-<\/strong> Plita cu induc\u021bie ofer\u0103 economii semnificative datorit\u0103 consumului minim de energie, deoarece plita nu are elemente de \u00eenc\u0103lzire, nu exist\u0103 pierderi de c\u0103ldur\u0103 \u00een timpul transmiterii de la elementul de \u00eenc\u0103lzire la suprafa\u021ba arz\u0103torului \u00een partea de jos a vasului de g\u0103tit. Aceasta utilizeaz\u0103 at\u00e2ta energie c\u00e2t este necesar\u0103 pentru diametrul vasului.<\/p>\n<p>Caracteristici<br \/>\nTensiune: 380 V<br \/>\nPutere: 10 kW<br \/>\nPuterea unui arz\u0103tor: 2,5 kW<br \/>\nNum\u0103r de arz\u0103toare: 4 buc.<br \/>\nDimensiuni arz\u0103tor: 300&#215;300 mm<br \/>\nNum\u0103r de nivele de reglare a puterii: 16<br \/>\nTemporizator, timp\/interval maxim, min.: 180\/1<br \/>\nDimensiuni totale (l\/l\/\u00ee): 750x820x850 mm<br \/>\nGreutate: 37 kg<\/p>\n","protected":false},"excerpt":{"rendered":"<p>Plit\u0103 cu induc\u021bie de podea cu 4 arz\u0103toare. Tensiune: 380 V; Putere: 10 kW; Puterea unui arz\u0103tor: 2,5 kW; Num\u0103r de arz\u0103toare: 4 buc.; Dimensiuni arz\u0103tor: 300&#215;300 mm; Num\u0103r de nivele de reglare a puterii: 16; Temporizator, timp\/interval maxim, min.: 180\/1; Dimensiuni totale (l\/l\/\u00ee): 750x820x850 mm; Greutate: 37 kg.<\/p>\n","protected":false},"featured_media":26765,"template":"","meta":[],"_links":{"self":[{"href":"https:\/\/evotek.md\/ro\/wp-json\/wp\/v2\/product\/26762"}],"collection":[{"href":"https:\/\/evotek.md\/ro\/wp-json\/wp\/v2\/product"}],"about":[{"href":"https:\/\/evotek.md\/ro\/wp-json\/wp\/v2\/types\/product"}],"wp:featuredmedia":[{"embeddable":true,"href":"https:\/\/evotek.md\/ro\/wp-json\/wp\/v2\/media\/26765"}],"wp:attachment":[{"href":"https:\/\/evotek.md\/ro\/wp-json\/wp\/v2\/media?parent=26762"}],"curies":[{"name":"wp","href":"https:\/\/api.w.org\/{rel}","templated":true}]}}