{"id":26759,"date":"2021-11-23T11:41:43","date_gmt":"2021-11-23T11:56:46","guid":{"rendered":"https:\/\/evotek.md\/?post_type=product&#038;p=26759"},"modified":"2023-01-18T14:31:13","modified_gmt":"2023-01-18T14:31:13","slug":"plita-cu-inductie-de-podea-pi-2-2-5","status":"publish","type":"product","link":"https:\/\/evotek.md\/ro\/produse\/echipamente-termice\/plite-cu-inductie\/plita-cu-inductie-de-podea-pi-2-2-5\/","title":{"rendered":"PLITA CU INDUCTIE 2 ARZATOARE -PI-2.2-5"},"content":{"rendered":"<p><strong>PLITA CU INDUCTIE 2 ARZATOARE -PI-2.2-5-<\/strong>\u00a0Plit\u0103 cu induc\u021bie ofer\u0103 economii semnificative datorit\u0103 consumului minim de energie, deoarece plita nu are elemente de \u00eenc\u0103lzire, nu exist\u0103 pierderi de c\u0103ldur\u0103 \u00een timpul transmiterii de la elementul de \u00eenc\u0103lzire la suprafa\u021ba arz\u0103torului \u00een partea de jos a vasului de g\u0103tit. Aceasta utilizeaz\u0103 at\u00e2ta energie c\u00e2t este necesar\u0103 pentru diametrul vasului.<\/p>\n<p>Caracteristici<br \/>\nTensiune: 380 V<br \/>\nPutere: 5 kW<br \/>\nPuterea unui arz\u0103tor: 2,5 kW<br \/>\nNumar arzatoare: 2 buc.<br \/>\nDimensiuni arzator: 300&#215;300 mm<br \/>\nNum\u0103r de niveluri de reglare a puterii: 16<br \/>\nTemporizator, timp\/interval maxim, min.; 180\/1<br \/>\nDimensiuni totale (l\/l\/h): 750x520x850 mm<br \/>\nGreutate: 25 KG<\/p>\n","protected":false},"excerpt":{"rendered":"<p>Plit\u0103 cu induc\u021bie de podea cu 2 arz\u0103toare. Tensiune: 380 V; Putere: 5 kW; Puterea unui arz\u0103tor: 2,5 kW; Numar arzatoare: 2 buc.; Dimensiuni arzator: 300&#215;300 mm; Num\u0103r de niveluri de reglare a puterii: 16; Temporizator, timp\/interval maxim, min.: 180\/1; Dimensiuni totale (l\/l\/\u00ee): 750x520x850 mm; Greutate: 25 KG.<\/p>\n","protected":false},"featured_media":26747,"template":"","meta":[],"_links":{"self":[{"href":"https:\/\/evotek.md\/ro\/wp-json\/wp\/v2\/product\/26759"}],"collection":[{"href":"https:\/\/evotek.md\/ro\/wp-json\/wp\/v2\/product"}],"about":[{"href":"https:\/\/evotek.md\/ro\/wp-json\/wp\/v2\/types\/product"}],"wp:featuredmedia":[{"embeddable":true,"href":"https:\/\/evotek.md\/ro\/wp-json\/wp\/v2\/media\/26747"}],"wp:attachment":[{"href":"https:\/\/evotek.md\/ro\/wp-json\/wp\/v2\/media?parent=26759"}],"curies":[{"name":"wp","href":"https:\/\/api.w.org\/{rel}","templated":true}]}}