{"id":26742,"date":"2021-11-23T09:19:26","date_gmt":"2021-11-23T09:25:30","guid":{"rendered":"https:\/\/evotek.md\/?post_type=product&#038;p=26742"},"modified":"2023-01-17T15:00:35","modified_gmt":"2023-01-17T15:00:35","slug":"plita-cu-inductie-cu-un-arzator-pi-1-2-2-5-n","status":"publish","type":"product","link":"https:\/\/evotek.md\/ro\/produse\/echipamente-termice\/plite-cu-inductie\/plita-cu-inductie-cu-un-arzator-pi-1-2-2-5-n\/","title":{"rendered":"PLITA CU INDUC\u021aIE 1 ARZATOR -PI-1.2-2.5 N"},"content":{"rendered":"<p><strong>PLITA CU INDUC\u021aIE 1 ARZATOR -PI-1.2-2.5 N-<\/strong> Plita cu induc\u021bie ofer\u0103 economii semnificative datorit\u0103 consumului minim de energie, deoarece plita nu are elemente de \u00eenc\u0103lzire, nu exist\u0103 pierderi de c\u0103ldur\u0103 \u00een timpul transmiterii de la elementul de \u00eenc\u0103lzire la suprafa\u021ba arz\u0103torului \u00een partea de jos a vasului de g\u0103tit. Aceasta utilizeaz\u0103 at\u00e2ta energie c\u00e2t este necesar\u0103 pentru diametrul vasului.<\/p>\n<p>Caracteristici<br \/>\nTensiune: 220 V<br \/>\nPutere: 2,5 kW<br \/>\nNum\u0103r de arz\u0103toare: 1 buc.<br \/>\nDimensiuni arz\u0103tor: 280&#215;280 mm<br \/>\nNum\u0103r de nivele de reglare a puterii: 16<br \/>\nTimer, timp maxim, \/ interval, min: 24h \/ 1min.<br \/>\nDimensiuni totale (l\/l\/\u00ee): 325x410x100 mm<br \/>\nGreutate: 5 KG<\/p>\n","protected":false},"excerpt":{"rendered":"<p>Plit\u0103 cu induc\u021bie cu un arz\u0103tor, de mas\u0103. Tensiune: 220 V; Putere: 2,5 kW; Num\u0103r de arz\u0103toare: 1 buc.; Dimensiuni arz\u0103tor: 280&#215;280 mm; Num\u0103r de nivele de reglare a puterii: 16; Timer, timp maxim, \/ interval, min: 24h \/ 1min.; Dimensiuni totale (l\/l\/\u00ee): 325x410x100 mm; Greutate: 5 KG.<\/p>\n","protected":false},"featured_media":26739,"template":"","meta":[],"_links":{"self":[{"href":"https:\/\/evotek.md\/ro\/wp-json\/wp\/v2\/product\/26742"}],"collection":[{"href":"https:\/\/evotek.md\/ro\/wp-json\/wp\/v2\/product"}],"about":[{"href":"https:\/\/evotek.md\/ro\/wp-json\/wp\/v2\/types\/product"}],"wp:featuredmedia":[{"embeddable":true,"href":"https:\/\/evotek.md\/ro\/wp-json\/wp\/v2\/media\/26739"}],"wp:attachment":[{"href":"https:\/\/evotek.md\/ro\/wp-json\/wp\/v2\/media?parent=26742"}],"curies":[{"name":"wp","href":"https:\/\/api.w.org\/{rel}","templated":true}]}}