{"id":26732,"date":"2021-11-22T15:57:01","date_gmt":"2021-11-22T15:57:01","guid":{"rendered":"https:\/\/evotek.md\/?post_type=product&#038;p=26732"},"modified":"2021-11-22T15:57:01","modified_gmt":"2021-11-22T15:57:01","slug":"plita-electrica-2-arzatoare-cu-cuptor-ped-2b","status":"publish","type":"product","link":"https:\/\/evotek.md\/ro\/produse\/echipamente-termice\/plite-electrice\/plita-electrica-2-arzatoare-cu-cuptor-ped-2b\/","title":{"rendered":"PLIT\u0102 ELECTRIC\u0102 2 ARZ\u0102TOARE CU CUPTOR -PED-2B"},"content":{"rendered":"<div><strong>PLIT\u0102 ELECTRIC\u0102 2 ARZ\u0102TOARE CU CUPTOR -PED-2B-<\/strong> Plit\u0103 electric\u0103 cu 2 arz\u0103toare \u0219i cuptor. Facilit\u0103\u021bi: Mi\u0219care comod\u0103 a vaselor de orice dimensiune pe toat\u0103 suprafa\u021ba plitei; Arz\u0103toarele sunt din font\u0103, ceea ce asigur\u0103 o distribu\u021bie uniform\u0103 a temperaturii; Blatul este realizat f\u0103ra suduri, ceea ce faciliteaz\u0103 igienizarea suprafe\u021bei; Plita este completat\u0103 cu dou\u0103 t\u0103vi de copt din metal carbon; Designul cuptorului asigur\u0103 o distribu\u021bie uniform\u0103 a temperaturii, ceea ce garanteaz\u0103 o coacere uniform\u0103; Cuptorul supradimensionat; Reglare separat\u0103 a elementelor de \u00eenc\u0103lzire superioare \u0219i inferioare ale cuptorului; Elementele de \u00eenc\u0103lzire din o\u021bel inoxidabil le prelungesc semnificativ durata de via\u021b\u0103; Cuptorul asigur\u0103 reglarea separat\u0103 a elementelor de \u00eenc\u0103lzire superioare \u0219i inferioare; Cuptorul este echipat cu dou\u0103 t\u0103vi metalice carbon.<\/div>\n<div><\/div>\n<div>Caracteristici<\/div>\n<div>Tensiune: 380 V<\/div>\n<div>Putere: 9,6 kW<\/div>\n<div>Num\u0103r arz\u0103toare: 2 buc.<\/div>\n<div>Dimensiunile unui arz\u0103tor: 415&#215;295 mm<\/div>\n<div>Puterea arz\u0103torului: 3 kW<\/div>\n<div>Num\u0103r t\u0103vi: 1 buc.<\/div>\n<div>Dimensiuni tav\u0103: 527&#215;325 mm (G 1\/1)<\/div>\n<div>Interval de control al temperaturii: + 50 &#8230; + 300 \u2103<\/div>\n<div>Dimensiuni interioare cuptor (l\/l\/\u00ee): 434x565x338 mm<\/div>\n<div>Dimensiuni totale (l\/l\/\u00ee): 560x700x850 mm<\/div>\n<div>Greutate: 98 kg<\/div>\n","protected":false},"excerpt":{"rendered":"<p>Tensiune: 380 V; Putere: 9,6 kW; Num\u0103r arz\u0103toare: 2 buc.; Dimensiunile unui arz\u0103tor: 415&#215;295 mm; Puterea arz\u0103torului: 3 kW; Num\u0103r t\u0103vi: 1 buc.; Dimensiuni tav\u0103: 527&#215;325 mm (G 1\/1); Interval de control al temperaturii: + 50 &#8230; + 300 \u2103; Dimensiuni interioare cuptor (l\/l\/\u00ee): 434x565x338 mm; Dimensiuni totale (l\/l\/\u00ee): 560x700x850 mm; Greutate: 98 kg.<\/p>\n","protected":false},"featured_media":26731,"template":"","meta":[],"_links":{"self":[{"href":"https:\/\/evotek.md\/ro\/wp-json\/wp\/v2\/product\/26732"}],"collection":[{"href":"https:\/\/evotek.md\/ro\/wp-json\/wp\/v2\/product"}],"about":[{"href":"https:\/\/evotek.md\/ro\/wp-json\/wp\/v2\/types\/product"}],"wp:featuredmedia":[{"embeddable":true,"href":"https:\/\/evotek.md\/ro\/wp-json\/wp\/v2\/media\/26731"}],"wp:attachment":[{"href":"https:\/\/evotek.md\/ro\/wp-json\/wp\/v2\/media?parent=26732"}],"curies":[{"name":"wp","href":"https:\/\/api.w.org\/{rel}","templated":true}]}}