{"id":26727,"date":"2021-11-22T15:15:54","date_gmt":"2021-11-22T15:21:27","guid":{"rendered":"https:\/\/evotek.md\/?post_type=product&#038;p=26727"},"modified":"2021-11-22T15:22:44","modified_gmt":"2021-11-22T15:22:44","slug":"plita-electica-cu-2-arzatoare-de-masa-pe-2n","status":"publish","type":"product","link":"https:\/\/evotek.md\/ro\/produse\/echipamente-termice\/plite-electrice\/plita-electica-cu-2-arzatoare-de-masa-pe-2n\/","title":{"rendered":"PLIT\u0102 ELECTRIC\u0102 CU 2 ARZ\u0102TOARE DE MAS\u0102 -PE-2N"},"content":{"rendered":"<p><strong>PLIT\u0102 ELECTRIC\u0102 CU 2 ARZ\u0102TOARE DE MAS\u0102 -PE-2N-<\/strong> Plit\u0103 electric\u0103 cu 2 arz\u0103toare de mas\u0103. Arz\u0103toarele sunt din font\u0103, ceea ce asigur\u0103 o distribu\u021bie uniform\u0103 a temperaturii. Blatul este realizat f\u0103r\u0103 suduri, ceea ce faciliteaz\u0103 igienizarea suprafe\u021bei.<\/p>\n<p>Caracteristici<br \/>\nTensiune: 380 V<br \/>\nPutere: 6 kW<br \/>\nPuterea unui arz\u0103tor: 3 kW<br \/>\nNum\u0103r arz\u0103toare: 2 buc.<br \/>\nDimensiunile unui arz\u0103tor: 415&#215;295 mm<br \/>\nDimensiuni totale (l\/l\/\u00ee): 690x520x310 mm<br \/>\nGreutate: 43 kg<\/p>\n","protected":false},"excerpt":{"rendered":"<p>Plit\u0103 electric\u0103 cu 2 arz\u0103toare de mas\u0103. Tensiune: 380 V; Putere: 6 kW; Puterea unui arz\u0103tor: 3 kW; Num\u0103r arz\u0103toare: 2 buc.; Dimensiunile unui arz\u0103tor: 415&#215;295 mm; Dimensiuni totale (l\/l\/\u00ee): 690x520x310 mm; Greutate: 43 kg.<\/p>\n","protected":false},"featured_media":40466,"template":"","meta":[],"_links":{"self":[{"href":"https:\/\/evotek.md\/ro\/wp-json\/wp\/v2\/product\/26727"}],"collection":[{"href":"https:\/\/evotek.md\/ro\/wp-json\/wp\/v2\/product"}],"about":[{"href":"https:\/\/evotek.md\/ro\/wp-json\/wp\/v2\/types\/product"}],"wp:featuredmedia":[{"embeddable":true,"href":"https:\/\/evotek.md\/ro\/wp-json\/wp\/v2\/media\/40466"}],"wp:attachment":[{"href":"https:\/\/evotek.md\/ro\/wp-json\/wp\/v2\/media?parent=26727"}],"curies":[{"name":"wp","href":"https:\/\/api.w.org\/{rel}","templated":true}]}}