{"id":26722,"date":"2021-11-22T14:53:27","date_gmt":"2021-11-22T14:58:38","guid":{"rendered":"https:\/\/evotek.md\/?post_type=product&#038;p=26722"},"modified":"2023-02-21T14:08:57","modified_gmt":"2023-02-21T14:08:57","slug":"plita-electrica-de-masa-cu-un-arzator-pe-1n","status":"publish","type":"product","link":"https:\/\/evotek.md\/ro\/produse\/echipamente-termice\/plite-electrice\/plita-electrica-de-masa-cu-un-arzator-pe-1n\/","title":{"rendered":"PLITA ELECTRICA CU 1 ARZATOR -PE-1N"},"content":{"rendered":"<div><strong>PLITA ELECTRICA 1 ARZATOR -PE-1N-<\/strong> Plit\u0103 electric\u0103 de mas\u0103 cu un singur arz\u0103tor. Arz\u0103toarele sunt din font\u0103, ceea ce asigur\u0103 o distribu\u021bie uniform\u0103 a temperaturii. Blatul este realizat f\u0103r\u0103 suduri, ceea ce faciliteaz\u0103 igienizarea suprafe\u021bei.<\/div>\n<div><\/div>\n<div>Caracteristici<\/div>\n<div>Tensiune: 220 V<\/div>\n<div>Putere: 3 kW<\/div>\n<div>Num\u0103r de arz\u0103toare: 1 buc.<\/div>\n<div>Dimensiunile unui arz\u0103tor: 415&#215;295 mm<\/div>\n<div>Dimensiuni totale (l\/l\/\u00ee): 510x400x310 mm<\/div>\n<div>Greutate: 24 KG<\/div>\n","protected":false},"excerpt":{"rendered":"<p>Plit\u0103 electric\u0103 de mas\u0103 cu un singur arz\u0103tor. Tensiune: 220 V; Putere: 3 kW; Num\u0103r de arz\u0103toare: 1 buc.; Dimensiunile unui arz\u0103tor: 415&#215;295 mm; Dimensiuni totale (l\/l\/\u00ee): 510x400x310 mm; Greutate: 24 KG.<\/p>\n","protected":false},"featured_media":26721,"template":"","meta":[],"_links":{"self":[{"href":"https:\/\/evotek.md\/ro\/wp-json\/wp\/v2\/product\/26722"}],"collection":[{"href":"https:\/\/evotek.md\/ro\/wp-json\/wp\/v2\/product"}],"about":[{"href":"https:\/\/evotek.md\/ro\/wp-json\/wp\/v2\/types\/product"}],"wp:featuredmedia":[{"embeddable":true,"href":"https:\/\/evotek.md\/ro\/wp-json\/wp\/v2\/media\/26721"}],"wp:attachment":[{"href":"https:\/\/evotek.md\/ro\/wp-json\/wp\/v2\/media?parent=26722"}],"curies":[{"name":"wp","href":"https:\/\/api.w.org\/{rel}","templated":true}]}}