{"id":2672,"date":"2020-02-21T10:01:22","date_gmt":"2020-02-21T10:01:22","guid":{"rendered":"https:\/\/evotek.md\/?post_type=product&#038;p=2672"},"modified":"2021-06-18T14:07:29","modified_gmt":"2021-06-18T14:07:29","slug":"cuptor-cu-convectie-mec-pe-46ue-1b","status":"publish","type":"product","link":"https:\/\/evotek.md\/ro\/produse\/echipamente-termice\/cuptoare-cu-convectie-cuptoare\/cuptor-cu-convectie-mec-pe-46ue-1b\/","title":{"rendered":"CUPTOR CU CONVEC\u021aIE, 4 NIVELE -MEC PE 46UE.1B"},"content":{"rendered":"<p><strong>CUPTOR CU CONVEC\u021aIE, 4 NIVELE -MEC PE 46UE.1B- <\/strong>Cuptorul cu convec\u021bie este conceput pentru coacerea produselor de panifica\u021bie \u0219i cofet\u0103rie, g\u0103tirea \u0219i \u00eenc\u0103lzirea diverselor feluri de m\u00e2ncare la \u00eentreprinderile de alimenta\u021bie public\u0103 \u0219i comer\u021b. Prepararea \u0219i coacerea se datoreaz\u0103 circula\u021biei uniforme a aerului fierbinte \u00een interiorul de lucru. Modelul este echipat cu o u\u0219\u0103 din sticl\u0103 cu emisii reduse \u0219i sigiliu. Carcasa \u0219i interiorul de lucru sunt realizate din inox.<\/p>\n<p>Facilit\u0103\u021bi: ajustarea temperaturii; Interior iluminat; Cronometru de la 0 la 120 minute; Col\u021buri rotunjite pentru o cur\u0103\u021bare u\u0219oar\u0103.<\/p>\n<p><strong>*Pentru a beneficia de garan\u021bie este obligatoriu de a fi instalat filtru DVA pentru acest echipament.<\/strong><\/p>\n<p>Caracteristici<\/p>\n<p>Conexiune: 220 V, 380 V<\/p>\n<p>Umidificare: da<\/p>\n<p>Num\u0103r de nivele: 4<\/p>\n<p>Tava de copt: 600&#215;400 mm, GN 1\/1<\/p>\n<p>Dimensiunea t\u0103vii: 600&#215;400<\/p>\n<p>Stare de temperatur\u0103: de la 30 p\u00e2n\u0103 la 285 \u00b0 \u0421<\/p>\n<p>Administrare: mecanic<\/p>\n<p>Putere: 3,4 kW<\/p>\n<p>Parametri: 750x650x560 mm \u021aara de origine: Italia<\/p>\n","protected":false},"excerpt":{"rendered":"<p>Cuptor cu convec\u021bie, cu 4 nivele. Conexiune: 220 V, 380 V; Umidificare: da; Tava de copt: 600&#215;400 mm, GN 1\/1; Dimensiunea t\u0103vii: 600&#215;400; Stare de temperatur\u0103: de la 30 p\u00e2n\u0103 la 285 \u00b0 \u0421; Administrare: mecanic; Putere: 3,4 kW; Parametri: 750x650x560 mm \u021aara de origine: Italia.<\/p>\n<p><strong>*T\u0103vile GN \u0219i t\u0103vile pentru patiserie nu sunt incluse \u00een set.<\/strong><br \/>\n<strong>*Recomand\u0103m instalarea adi\u021bional\u0103 a unui filtru DVA pentru o bun\u0103 func\u021bionare a cuptorului.<\/strong><\/p>\n","protected":false},"featured_media":2671,"template":"","meta":[],"_links":{"self":[{"href":"https:\/\/evotek.md\/ro\/wp-json\/wp\/v2\/product\/2672"}],"collection":[{"href":"https:\/\/evotek.md\/ro\/wp-json\/wp\/v2\/product"}],"about":[{"href":"https:\/\/evotek.md\/ro\/wp-json\/wp\/v2\/types\/product"}],"wp:featuredmedia":[{"embeddable":true,"href":"https:\/\/evotek.md\/ro\/wp-json\/wp\/v2\/media\/2671"}],"wp:attachment":[{"href":"https:\/\/evotek.md\/ro\/wp-json\/wp\/v2\/media?parent=2672"}],"curies":[{"name":"wp","href":"https:\/\/api.w.org\/{rel}","templated":true}]}}