{"id":26716,"date":"2021-11-22T14:20:31","date_gmt":"2021-11-22T14:29:27","guid":{"rendered":"https:\/\/evotek.md\/?post_type=product&#038;p=26716"},"modified":"2023-01-17T10:06:29","modified_gmt":"2023-01-17T10:06:29","slug":"plita-pe-gaz-cu-6-ochiuri-si-cuptor-electric-pgde-6","status":"publish","type":"product","link":"https:\/\/evotek.md\/ro\/produse\/echipamente-termice\/plite-de-gaz\/plita-pe-gaz-cu-6-ochiuri-si-cuptor-electric-pgde-6\/","title":{"rendered":"PLITA PE GAZ CU 6 ARZATOARE SI CUPTOR ELECTRIC -PGDE-6"},"content":{"rendered":"<p><strong>PLITA PE GAZ CU 6 ARZATOARE SI CUPTOR ELECTRIC -PGDE-6-<\/strong> Plit\u0103 profesional\u0103 cu 6 arz\u0103toare pentru buc\u0103t\u0103ria industrial\u0103 a unei cafenele, restaurant, osp\u0103t\u0103rie, punct de v\u00e2nzare. Arz\u0103toarele sunt microperforate, din font\u0103 cu gaz-control. Designul cuptorului asigur\u0103 o distribu\u021bie uniform\u0103 a temperaturii, ceea ce garanteaz\u0103 o coacere uniform\u0103. Reglarea separat\u0103 a elementelor de \u00eenc\u0103lzire superioare \u0219i inferioare ale broilerului. Cuptorul este echipat cu o tav\u0103 de copt din metal carbon. Elementele de \u00eenc\u0103lzire din o\u021bel inoxidabil le prelungesc semnificativ durata de via\u021b\u0103.<\/p>\n<p>Caracteristici<br \/>\nPutere plita: 39 kW;<br \/>\nNum\u0103r arz\u0103toare: 6 buc.<br \/>\nDimensiuni arzator: 335\u00d7335 mm<br \/>\nPutere cuptor electric: 4,8 kW<br \/>\nInterval de control al temperaturii cuptorului: + 50 \u2026 + 300 \u0421<br \/>\nNumar tavi: 1 buc.<br \/>\nDimensiuni tava: 650x490x40 sau GN 2\/1 mm<br \/>\nDimensiuni totale (l\/l\/\u00ce): 1250x890x890 mm<br \/>\nGreutate: 155 kg<\/p>\n","protected":false},"excerpt":{"rendered":"<p>Plit\u0103 pe gaz cu 6 ochiuri \u0219i cuptor electric. Putere plita: 39 kW; Num\u0103r arz\u0103toare: 6 buc.; Dimensiuni arzator: 335\u00d7335 mm; Putere cuptor electric: 4,8 kW; Interval de control al temperaturii cuptorului: + 50 \u2026 + 300 \u0421; Numar tavi: 1 buc.; Dimensiuni tava: 650x490x40 sau GN 2\/1 mm; Dimensiuni totale (l\/l\/\u00ce): 1250x890x890 mm; Greutate: 155 kg.<\/p>\n","protected":false},"featured_media":26715,"template":"","meta":[],"_links":{"self":[{"href":"https:\/\/evotek.md\/ro\/wp-json\/wp\/v2\/product\/26716"}],"collection":[{"href":"https:\/\/evotek.md\/ro\/wp-json\/wp\/v2\/product"}],"about":[{"href":"https:\/\/evotek.md\/ro\/wp-json\/wp\/v2\/types\/product"}],"wp:featuredmedia":[{"embeddable":true,"href":"https:\/\/evotek.md\/ro\/wp-json\/wp\/v2\/media\/26715"}],"wp:attachment":[{"href":"https:\/\/evotek.md\/ro\/wp-json\/wp\/v2\/media?parent=26716"}],"curies":[{"name":"wp","href":"https:\/\/api.w.org\/{rel}","templated":true}]}}