{"id":26700,"date":"2021-11-22T13:10:16","date_gmt":"2021-11-22T13:16:03","guid":{"rendered":"https:\/\/evotek.md\/?post_type=product&#038;p=26700"},"modified":"2021-11-22T13:17:41","modified_gmt":"2021-11-22T13:17:41","slug":"pasta-cooker-pc8070e","status":"publish","type":"product","link":"https:\/\/evotek.md\/ro\/produse\/echipamente-termice\/pasta-cooker\/pasta-cooker-pc8070e\/","title":{"rendered":"PASTA COOKER 12+12 litri -PC8070E"},"content":{"rendered":"<p><strong>PASTA COOKER 12+12 litri -PC8070E-<\/strong><strong>\u00a0<\/strong>este destinat preg\u0103tirii rapide \u0219i de \u00eenalt\u0103 calitate a pastelor, a produselor din aluat, ravioli, orez, legume, c\u00e2rna\u021bi, ou\u0103, creve\u021bi \u0219i multe alte produse. Pasta cooker este perfect pentru \u00eentreprinderile mici de alimenta\u021bie public\u0103 \u0219i fast-food.<\/p>\n<p>Caracteristici<br \/>\nCapacitate: 12+12 litri<br \/>\nAre termostat 30-120 \u00b0C<br \/>\nEchipat\u0103 cu un robinet de umplere cu ap\u0103 \u0219i o un robinet de scurgere.<br \/>\nTip de energie: electric<br \/>\nDimensiune: 800x700x290<br \/>\nTensiune: 400 V<br \/>\nTemperatura: 110 \u00b0C<br \/>\nPutere: 9 kW<br \/>\nGreutate: 35 kg<\/p>\n","protected":false},"excerpt":{"rendered":"<p>Pasta cooker cu capacitatea de 12+12 litri. Are termostat 30-120 \u00b0C; Echipat\u0103 cu un robinet de umplere cu ap\u0103 \u0219i o un robinet de scurgere.; Tip de energie: electric; Dimensiune: 800x700x290; Tensiune: 400 V; Temperatura: 110 \u00b0C; Putere: 9 kW; Greutate: 35 kg.<\/p>\n","protected":false},"featured_media":26699,"template":"","meta":[],"_links":{"self":[{"href":"https:\/\/evotek.md\/ro\/wp-json\/wp\/v2\/product\/26700"}],"collection":[{"href":"https:\/\/evotek.md\/ro\/wp-json\/wp\/v2\/product"}],"about":[{"href":"https:\/\/evotek.md\/ro\/wp-json\/wp\/v2\/types\/product"}],"wp:featuredmedia":[{"embeddable":true,"href":"https:\/\/evotek.md\/ro\/wp-json\/wp\/v2\/media\/26699"}],"wp:attachment":[{"href":"https:\/\/evotek.md\/ro\/wp-json\/wp\/v2\/media?parent=26700"}],"curies":[{"name":"wp","href":"https:\/\/api.w.org\/{rel}","templated":true}]}}