{"id":26682,"date":"2021-11-22T11:42:35","date_gmt":"2021-11-22T12:10:44","guid":{"rendered":"https:\/\/evotek.md\/?post_type=product&#038;p=26682"},"modified":"2023-02-28T13:58:15","modified_gmt":"2023-02-28T13:58:15","slug":"friteuza-electrica-fcs4070e-700","status":"publish","type":"product","link":"https:\/\/evotek.md\/ro\/produse\/echipamente-termice\/friteuze-3\/friteuza-electrica-fcs4070e-700\/","title":{"rendered":"FRITEUZA ELECTRICA, 13 LITRI -FCS4070E 700"},"content":{"rendered":"<div><strong>FRITEUZ\u0102 ELECTRIC\u0102 13 LITRI -FCS4070E 700-<\/strong> este folosit\u0103 pentru a pr\u0103ji bucate \u00een ulei sau gr\u0103simi. Co\u0219ul pentru friteuz\u0103 este fabricat din material inoxidabil. Este echipat\u0103 un termostat de siguran\u021b\u0103 la 230 \u00b0C cu reset \u0219i un termostat de 180 \u00b0C. Friteuza are robinet cu m\u00e2ner reglabil pentru \u00eendep\u0103rtarea gr\u0103simii u\u0219or \u0219i \u00een siguran\u021b\u0103.<\/div>\n<div><\/div>\n<div>Caracteristici<\/div>\n<div>Tip de energie: electric<\/div>\n<div>Dimensiune: 400x700x900 mm<\/div>\n<div>Capacitate: 13 L<\/div>\n<div>Tensiune: 400 V<\/div>\n<div>Temperatura: 180 \u00b0C<\/div>\n<div>Putere: 9 kW<\/div>\n<div>Greutate: 34 kg<\/div>\n","protected":false},"excerpt":{"rendered":"<div>Friteuz\u0103 electric\u0103 cu robinet 13 litri.\u00a0Tip de energie: electric; Dimensiune: 400x700x900 mm; Capacitate: 13 L; Tensiune: 400 V; Temperatura: 180 \u00b0C; Putere: 9 kW; Greutate: 34 kg.<\/div>\n","protected":false},"featured_media":26685,"template":"","meta":[],"_links":{"self":[{"href":"https:\/\/evotek.md\/ro\/wp-json\/wp\/v2\/product\/26682"}],"collection":[{"href":"https:\/\/evotek.md\/ro\/wp-json\/wp\/v2\/product"}],"about":[{"href":"https:\/\/evotek.md\/ro\/wp-json\/wp\/v2\/types\/product"}],"wp:featuredmedia":[{"embeddable":true,"href":"https:\/\/evotek.md\/ro\/wp-json\/wp\/v2\/media\/26685"}],"wp:attachment":[{"href":"https:\/\/evotek.md\/ro\/wp-json\/wp\/v2\/media?parent=26682"}],"curies":[{"name":"wp","href":"https:\/\/api.w.org\/{rel}","templated":true}]}}