{"id":26641,"date":"2021-11-18T15:32:25","date_gmt":"2021-11-18T15:32:25","guid":{"rendered":"https:\/\/evotek.md\/?post_type=product&#038;p=26641"},"modified":"2021-11-18T15:32:36","modified_gmt":"2021-11-18T15:32:36","slug":"cuptor-pentru-pizza-electric-99-pizza-o35-cm-e9352","status":"publish","type":"product","link":"https:\/\/evotek.md\/ro\/produse\/echipamente-termice\/cuptoare-pentru-pizza-cuptoare\/cuptor-pentru-pizza-electric-99-pizza-o35-cm-e9352\/","title":{"rendered":"CUPTOR PENTRU PIZZA ELECTRIC 9+9 pizza \u00d835 cm -E9352"},"content":{"rendered":"<p><strong>CUPTOR PENTRU PIZZA ELECTRIC 9+9 pizza \u00d835 cm -E9352<\/strong>&#8211; Cuptor pentru pizza electric. Caracteristici: 10 programe diferite. Pute\u021bi seta timpul \u0219i temperatura necesar\u0103 pentru coacere \u0219i pute\u021bi salva acest program pentru utilizare ulterioar\u0103. \u00cenc\u0103lzirea de sus \u0219i de jos este reglat\u0103 separat una de cealalt\u0103. \u00centregul cuptor pentru pizza este acoperit cu un strat izolator de 100 mm.<\/p>\n<p>Caracteristici<br \/>\nNum\u0103r de pizza: 9+9 buc (\u00d8 35 cm)<br \/>\nDimensiuni interioare: 1080x1080x125 mm<br \/>\nDimensiuni exterioare: 1422x1310x740 mm<br \/>\nGreutate: 200 kg<br \/>\nTensiune: 400 V<br \/>\nPutere: 26,4 kW<br \/>\nTemperatur\u0103 maxim\u0103 de coacere: 400 \u00b0C<\/p>\n","protected":false},"excerpt":{"rendered":"<p>Cuptor pentru pizza electric. Num\u0103r de pizza: 9+9 buc (\u00d8 35 cm); Dimensiuni interioare: 1080x1080x125 mm; Dimensiuni exterioare: 1422x1310x740 mm; Greutate: 200 kg; Tensiune: 400 V; Putere: 26,4 kW; Temperatur\u0103 maxim\u0103 de coacere: 400 \u00b0C.<\/p>\n","protected":false},"featured_media":26630,"template":"","meta":[],"_links":{"self":[{"href":"https:\/\/evotek.md\/ro\/wp-json\/wp\/v2\/product\/26641"}],"collection":[{"href":"https:\/\/evotek.md\/ro\/wp-json\/wp\/v2\/product"}],"about":[{"href":"https:\/\/evotek.md\/ro\/wp-json\/wp\/v2\/types\/product"}],"wp:featuredmedia":[{"embeddable":true,"href":"https:\/\/evotek.md\/ro\/wp-json\/wp\/v2\/media\/26630"}],"wp:attachment":[{"href":"https:\/\/evotek.md\/ro\/wp-json\/wp\/v2\/media?parent=26641"}],"curies":[{"name":"wp","href":"https:\/\/api.w.org\/{rel}","templated":true}]}}