{"id":26587,"date":"2021-11-17T13:09:27","date_gmt":"2021-11-17T13:14:38","guid":{"rendered":"https:\/\/evotek.md\/?post_type=product&#038;p=26587"},"modified":"2023-01-10T15:35:26","modified_gmt":"2023-01-10T15:35:26","slug":"rasnita-de-cafea-mst64-pev","status":"publish","type":"product","link":"https:\/\/evotek.md\/ro\/produse\/echipamente-pentru-bar-si-cafea\/rasnita-de-cafea\/rasnita-de-cafea-mst64-pev\/","title":{"rendered":"R\u00c2\u0218NI\u021a\u0102 DE CAFEA 1,3 kg MEC MST-64PEV"},"content":{"rendered":"<div><strong>R\u00c2\u0218NI\u021a\u0102 DE CAFEA 1,3 kg MEC MST-64PEV-<\/strong> r\u00e2\u0219ni\u021b\u0103 de cafea profesional\u0103 de \u00eenalt\u0103 calitate, cu recipient transparent din policarbonat pentru boabe de cafea. Facilit\u0103\u021bi: R\u00e2\u0219ni\u021b\u0103 de cafea cu dozator automat; Carcas\u0103 din aluminiu vopsit; Comutator manual; Diametru disc de \u0219lefuit 64 mm; Recipient din policarbonat; Macin\u0103 cu u\u0219urin\u021b\u0103 boabele de cafea.<\/div>\n<div><\/div>\n<div>Caracteristici<\/div>\n<div>Capacitate: 1,3 kg<\/div>\n<div>Ajustarea dozei: 5 \/ 9,5 g<\/div>\n<div>Putere: 350 W<\/div>\n<div>Dimensiuni totale: 200x270x510 mm<\/div>\n<div>Greutate: 13 kg<\/div>\n","protected":false},"excerpt":{"rendered":"<p>R\u00e2\u0219ni\u021b\u0103 de cafea. Capacitate: 1,3 kg; Ajustarea dozei: 5 \/ 9,5 g; Putere: 350 W; Dimensiuni totale: 200x270x510 mm; Greutate: 13 kg.<\/p>\n","protected":false},"featured_media":26582,"template":"","meta":[],"_links":{"self":[{"href":"https:\/\/evotek.md\/ro\/wp-json\/wp\/v2\/product\/26587"}],"collection":[{"href":"https:\/\/evotek.md\/ro\/wp-json\/wp\/v2\/product"}],"about":[{"href":"https:\/\/evotek.md\/ro\/wp-json\/wp\/v2\/types\/product"}],"wp:featuredmedia":[{"embeddable":true,"href":"https:\/\/evotek.md\/ro\/wp-json\/wp\/v2\/media\/26582"}],"wp:attachment":[{"href":"https:\/\/evotek.md\/ro\/wp-json\/wp\/v2\/media?parent=26587"}],"curies":[{"name":"wp","href":"https:\/\/api.w.org\/{rel}","templated":true}]}}