{"id":2657,"date":"2020-02-21T08:37:14","date_gmt":"2020-02-21T08:41:12","guid":{"rendered":"https:\/\/evotek.md\/?post_type=product&#038;p=2657"},"modified":"2023-03-09T12:23:00","modified_gmt":"2023-03-09T12:23:00","slug":"malaxor-hkn-m20sn2v","status":"publish","type":"product","link":"https:\/\/evotek.md\/ro\/produse\/echipamente-electromecanice\/mixer-aluat\/malaxor-hkn-m20sn2v\/","title":{"rendered":"MALAXOR CU BOL FIXAT, 2 VITEZE, 21 LITRI -HKN-M20SN2V"},"content":{"rendered":"<p><strong>MALAXOR CU BOL FIXAT, 2 VITEZE, 21 LITRI -HKN-M20SN2V- <\/strong>se utilizeaz\u0103 pentru fr\u0103m\u00e2ntarea diferitelor tipuri de aluat. Folosit pe scar\u0103 larg\u0103 \u00een cofet\u0103rii \u0219i brut\u0103rii, pizzerii, restaurante, cantine \u0219i cafenele. Carcasa dispozitivului este confec\u021bionat\u0103 din metal vopsit, iar bolul \u0219i duzele sunt din o\u021bel inoxidabil.<\/p>\n<p>Volumul bolului este de 21 litri, \u0219i nu se scoate. Viteza sa de rota\u021bie este de 15-20 rpm, iar viteza de rota\u021bie a duzei este de 150-200 rpm. Volumul maxim de aluat nu trebuie s\u0103 dep\u0103\u0219easc\u0103 10 kg.<\/p>\n<p>Caracteristici<\/p>\n<p>Brand Hurakan<\/p>\n<p>Parametri: 730x390x900 mm<\/p>\n<p>Putere: 1,5 kW<\/p>\n<p>Conexiune: 230 V<\/p>\n<p>Volumul maxim de aluat nu trebuie s\u0103 dep\u0103\u0219easc\u0103 10 kg.<\/p>\n<p>Greutate net\u0103: 91 kg<\/p>\n<p>&nbsp;<\/p>\n","protected":false},"excerpt":{"rendered":"<p>Malaxor cu bolul fixat de 21 litri. Viteza sa de rota\u021bie este de 15-20 rota\u021bii pe minut, iar viteza de rota\u021bie a duzei este de 150-200 rpm. Volumul maxim de aluat nu trebuie s\u0103 dep\u0103\u0219easc\u0103 10 kg. Parametri: 730x390x900 mm; Putere: 1,5 kW; Conexiune: 230 V; Greutate net\u0103: 91 kg.<\/p>\n<p>&nbsp;<\/p>\n","protected":false},"featured_media":2656,"template":"","meta":[],"_links":{"self":[{"href":"https:\/\/evotek.md\/ro\/wp-json\/wp\/v2\/product\/2657"}],"collection":[{"href":"https:\/\/evotek.md\/ro\/wp-json\/wp\/v2\/product"}],"about":[{"href":"https:\/\/evotek.md\/ro\/wp-json\/wp\/v2\/types\/product"}],"wp:featuredmedia":[{"embeddable":true,"href":"https:\/\/evotek.md\/ro\/wp-json\/wp\/v2\/media\/2656"}],"wp:attachment":[{"href":"https:\/\/evotek.md\/ro\/wp-json\/wp\/v2\/media?parent=2657"}],"curies":[{"name":"wp","href":"https:\/\/api.w.org\/{rel}","templated":true}]}}