{"id":26561,"date":"2021-11-16T14:04:07","date_gmt":"2021-11-16T14:04:07","guid":{"rendered":"https:\/\/evotek.md\/?post_type=product&#038;p=26561"},"modified":"2021-11-16T14:04:07","modified_gmt":"2021-11-16T14:04:07","slug":"cuptor-pentru-pizza-electric-analog-control-6-pizza-o30-cm-e6301da","status":"publish","type":"product","link":"https:\/\/evotek.md\/ro\/produse\/echipamente-termice\/cuptoare-pentru-pizza-cuptoare\/cuptor-pentru-pizza-electric-analog-control-6-pizza-o30-cm-e6301da\/","title":{"rendered":"CUPTOR PENTRU PIZZA ELECTRIC-ANALOG CONTROL 6 pizza \u00d830 cm -E6301DA"},"content":{"rendered":"<p><strong>CUPTOR PENTRU PIZZA ELECTRIC-ANALOG CONTROL 6 pizza \u00d830 cm -E6301DA-<\/strong> Cuptor pentru pizza cu control analogic. Caracteristici: 10 programe diferite. Pute\u021bi seta timpul \u0219i temperatura necesar\u0103 pentru coacere \u0219i pute\u021bi salva acest program pentru utilizare ulterioar\u0103. \u00cenc\u0103lzirea de sus \u0219i de jos este reglat\u0103 separat una de cealalt\u0103. \u00centregul cuptor pentru pizza este acoperit cu un strat izolator de 100 mm.<\/p>\n<p>Caracteristici<br \/>\nNum\u0103r de pizza: 6 buc (\u00d8 30 cm)<br \/>\nDimensiuni interioare: 620x930x130 mm<br \/>\nDimensiuni exterioare: 900x1085x412 mm<br \/>\nGreutate: 96 kg<br \/>\nTensiune: 400 V<br \/>\nPutere: 7,2 kW<br \/>\nTemperatur\u0103 maxim\u0103 de coacere: 400 \u00b0C<\/p>\n","protected":false},"excerpt":{"rendered":"<p>Cuptor pentru pizza cu control analogic. Num\u0103r de pizza: 6 buc (\u00d8 30 cm); Dimensiuni interioare: 620x930x130 mm; Dimensiuni exterioare: 900x1085x412 mm; Greutate: 96 kg; Tensiune: 400 V; Putere: 7,2 kW; Temperatur\u0103 maxim\u0103 de coacere: 400 \u00b0C.<\/p>\n","protected":false},"featured_media":26544,"template":"","meta":[],"_links":{"self":[{"href":"https:\/\/evotek.md\/ro\/wp-json\/wp\/v2\/product\/26561"}],"collection":[{"href":"https:\/\/evotek.md\/ro\/wp-json\/wp\/v2\/product"}],"about":[{"href":"https:\/\/evotek.md\/ro\/wp-json\/wp\/v2\/types\/product"}],"wp:featuredmedia":[{"embeddable":true,"href":"https:\/\/evotek.md\/ro\/wp-json\/wp\/v2\/media\/26544"}],"wp:attachment":[{"href":"https:\/\/evotek.md\/ro\/wp-json\/wp\/v2\/media?parent=26561"}],"curies":[{"name":"wp","href":"https:\/\/api.w.org\/{rel}","templated":true}]}}