{"id":26546,"date":"2021-11-16T11:52:58","date_gmt":"2021-11-16T11:52:58","guid":{"rendered":"https:\/\/evotek.md\/?post_type=product&#038;p=26546"},"modified":"2021-11-16T14:00:31","modified_gmt":"2021-11-16T14:00:31","slug":"cuptor-pentru-pizza-electric-analog-control-4-pizza-o35-cm-e4351a","status":"publish","type":"product","link":"https:\/\/evotek.md\/ro\/produse\/echipamente-termice\/cuptoare-pentru-pizza-cuptoare\/cuptor-pentru-pizza-electric-analog-control-4-pizza-o35-cm-e4351a\/","title":{"rendered":"CUPTOR\u00a0PENTRU\u00a0PIZZA ELECTRIC-ANALOG\u00a0CONTROL 4 pizza \u00d835 cm\u00a0-E4351A"},"content":{"rendered":"<div><strong>CUPTOR\u00a0PENTRU\u00a0PIZZA ELECTRIC-ANALOG\u00a0CONTROL 4 pizza \u00d835 cm\u00a0-E4351A-<\/strong>\u00a0Cuptor pentru pizza cu control analogic. Caracteristici: 10 programe diferite. Pute\u021bi seta timpul \u0219i temperatura necesar\u0103 pentru coacere \u0219i pute\u021bi salva acest program pentru utilizare ulterioar\u0103. \u00cenc\u0103lzirea de sus \u0219i de jos este reglat\u0103 separat una de cealalt\u0103. \u00centregul cuptor pentru pizza este acoperit cu un strat izolator de 100 mm.<\/div>\n<div><\/div>\n<div>Caracteristici<\/div>\n<div>Num\u0103r de pizza: 4 buc (\u00d8 35 cm)<\/div>\n<div>Dimensiuni interioare: 720x720x130 mm<\/div>\n<div>Dimensiuni exterioare: 1000x875x412 mm<\/div>\n<div>Greutate: 76 kg<\/div>\n<div>Tensiune: 400 V<\/div>\n<div>Putere: 5,1 kW<\/div>\n<div>Temperatur\u0103 maxim\u0103 de coacere: 400 \u00b0C<\/div>\n","protected":false},"excerpt":{"rendered":"<p>Cuptor pentru pizza cu control analogic. Num\u0103r de pizza: 4 buc (\u00d8 35 cm); Dimensiuni interioare: 720x720x130 mm; Dimensiuni exterioare: 1000x875x412 mm; Greutate: 76 kg; Tensiune: 400 V; Putere: 5,1 kW; Temperatur\u0103 maxim\u0103 de coacere: 400 \u00b0C.<\/p>\n","protected":false},"featured_media":26544,"template":"","meta":[],"_links":{"self":[{"href":"https:\/\/evotek.md\/ro\/wp-json\/wp\/v2\/product\/26546"}],"collection":[{"href":"https:\/\/evotek.md\/ro\/wp-json\/wp\/v2\/product"}],"about":[{"href":"https:\/\/evotek.md\/ro\/wp-json\/wp\/v2\/types\/product"}],"wp:featuredmedia":[{"embeddable":true,"href":"https:\/\/evotek.md\/ro\/wp-json\/wp\/v2\/media\/26544"}],"wp:attachment":[{"href":"https:\/\/evotek.md\/ro\/wp-json\/wp\/v2\/media?parent=26546"}],"curies":[{"name":"wp","href":"https:\/\/api.w.org\/{rel}","templated":true}]}}