{"id":26541,"date":"2021-11-16T11:31:18","date_gmt":"2021-11-16T11:31:18","guid":{"rendered":"https:\/\/evotek.md\/?post_type=product&#038;p=26541"},"modified":"2021-11-16T11:34:48","modified_gmt":"2021-11-16T11:34:48","slug":"cuptor-poentru-pizza-electric-e4302","status":"publish","type":"product","link":"https:\/\/evotek.md\/ro\/produse\/echipamente-termice\/cuptoare-pentru-pizza-cuptoare\/cuptor-poentru-pizza-electric-e4302\/","title":{"rendered":"CUPTOR PENTRU PIZZA ELECTRIC 4+4 pizza \u00d830 cm -E4302"},"content":{"rendered":"<p><strong>CUPTOR PENTRU PIZZA ELECTRIC 4+4 pizza \u00d830 cm -E4302-<\/strong> Cuptor pentru pizza electric. Caracteristici: 10 programe diferite. Pute\u021bi seta timpul \u0219i temperatura necesar\u0103 pentru coacere \u0219i pute\u021bi salva acest program pentru utilizare ulterioar\u0103. \u00cenc\u0103lzirea de sus \u0219i de jos este reglat\u0103 separat una de cealalt\u0103. \u00centregul cuptor pentru pizza este acoperit cu un strat izolator de 100 mm.<\/p>\n<p>Caracteristici<br \/>\nNum\u0103r de pizza: 4+4 buc (\u00d8 30 cm)<br \/>\nDimensiuni interioare: 620x620x130 mm<br \/>\nDimensiuni exterioare: 1010x800x750 mm<br \/>\nGreutate: 170 kg<br \/>\nTensiune: 400 V<br \/>\nPutere: 8,4 kW<br \/>\nTemperatur\u0103 maxim\u0103 de coacere: 400 \u00b0C<\/p>\n","protected":false},"excerpt":{"rendered":"<p>Cuptor pentru pizza electric. Num\u0103r de pizza: 4+4 buc (\u00d8 30 cm); Dimensiuni interioare: 620x620x130 mm; Dimensiuni exterioare: 1010x800x750 mm; Greutate: 170 kg; Tensiune: 400 V; Putere: 8,4 kW; Temperatur\u0103 maxim\u0103 de coacere: 400 \u00b0C.<\/p>\n","protected":false},"featured_media":26540,"template":"","meta":[],"_links":{"self":[{"href":"https:\/\/evotek.md\/ro\/wp-json\/wp\/v2\/product\/26541"}],"collection":[{"href":"https:\/\/evotek.md\/ro\/wp-json\/wp\/v2\/product"}],"about":[{"href":"https:\/\/evotek.md\/ro\/wp-json\/wp\/v2\/types\/product"}],"wp:featuredmedia":[{"embeddable":true,"href":"https:\/\/evotek.md\/ro\/wp-json\/wp\/v2\/media\/26540"}],"wp:attachment":[{"href":"https:\/\/evotek.md\/ro\/wp-json\/wp\/v2\/media?parent=26541"}],"curies":[{"name":"wp","href":"https:\/\/api.w.org\/{rel}","templated":true}]}}