{"id":2650,"date":"2020-02-21T08:14:38","date_gmt":"2020-02-21T08:16:27","guid":{"rendered":"https:\/\/evotek.md\/?post_type=product&#038;p=2650"},"modified":"2023-03-09T12:29:05","modified_gmt":"2023-03-09T12:29:05","slug":"malaxor-hkn-m30sn2v","status":"publish","type":"product","link":"https:\/\/evotek.md\/ro\/produse\/echipamente-electromecanice\/mixer-aluat\/malaxor-hkn-m30sn2v\/","title":{"rendered":"MALAXOR CU BOL FIXAT, 2 viteze, 35 LITRI -HKN-M30SN2V"},"content":{"rendered":"<p><strong>MALAXOR CU BOL FIXAT, 2 viteze, 35 LITRI -HKN-M30SN2V- <\/strong>se utilizeaz\u0103 pentru fr\u0103m\u00e2ntarea diferitelor tipuri de aluat. Folosit pe scar\u0103 larg\u0103 \u00een cofet\u0103rii \u0219i brut\u0103rii, pizzerii, restaurante, cantine \u0219i cafenele. Carcasa dispozitivului este confec\u021bionat\u0103 din metal vopsit, iar bolul \u0219i duzele sunt din o\u021bel inoxidabil. Volumul bolului este de 35 litri, \u0219i nu se scoate. Volumul maxim de aluat nu trebuie s\u0103 dep\u0103\u0219easc\u0103 13 kg.<\/p>\n<p>Caracteristici<\/p>\n<p>2 viteze<br \/>\nPutere: 1,5 kW<br \/>\nTensiune: 220V<br \/>\nDimensiuni totale: 435x750x900 mm<br \/>\nVolum bol: 35 l<br \/>\nSarcina maxima: 13 kg<br \/>\nViteza de rotatie a duzei: 150\/200 rpm<br \/>\nViteza de rotatie a bolului: 15\/20 rpm<br \/>\nGreutate: 92 kg<\/p>\n","protected":false},"excerpt":{"rendered":"<p>Malaxor cu bolul fixat de 35 litri, cu 2 viteze. Putere: 1,5 kW; Tensiune: 220V; Dimensiuni totale: 435x750x900 mm; Volum bol: 35 l; Sarcina maxima: 13 kg; Viteza de rotatie a duzei: 150\/200 rpm; Viteza de rotatie a bolului: 15\/20 rpm; Greutate: 92 kg.<\/p>\n<p>&nbsp;<\/p>\n","protected":false},"featured_media":2649,"template":"","meta":[],"_links":{"self":[{"href":"https:\/\/evotek.md\/ro\/wp-json\/wp\/v2\/product\/2650"}],"collection":[{"href":"https:\/\/evotek.md\/ro\/wp-json\/wp\/v2\/product"}],"about":[{"href":"https:\/\/evotek.md\/ro\/wp-json\/wp\/v2\/types\/product"}],"wp:featuredmedia":[{"embeddable":true,"href":"https:\/\/evotek.md\/ro\/wp-json\/wp\/v2\/media\/2649"}],"wp:attachment":[{"href":"https:\/\/evotek.md\/ro\/wp-json\/wp\/v2\/media?parent=2650"}],"curies":[{"name":"wp","href":"https:\/\/api.w.org\/{rel}","templated":true}]}}